{"id":3172,"date":"2026-02-10T12:54:05","date_gmt":"2026-02-10T11:54:05","guid":{"rendered":"https:\/\/sensum.waw.pl\/?page_id=3172"},"modified":"2026-02-10T12:54:10","modified_gmt":"2026-02-10T11:54:10","slug":"patrycjiusz-kosun","status":"publish","type":"page","link":"https:\/\/sensum.waw.pl\/index.php\/zespol\/patrycjiusz-kosun\/","title":{"rendered":"Patrycjiusz Kosu\u0144"},"content":{"rendered":"<div class=\"fusion-fullwidth fullwidth-box fusion-builder-row-1 fusion-flex-container nonhundred-percent-fullwidth non-hundred-percent-height-scrolling fusion-animated\" style=\"background-color: rgba(255,255,255,0);background-position: center center;background-repeat: no-repeat;border-width: 0px 0px 0px 0px;border-color:#e2e2e2;border-style:solid;\" data-animationType=\"fadeInUp\" data-animationDuration=\"1.2\" data-animationOffset=\"top-into-view\" ><div class=\"fusion-builder-row fusion-row fusion-flex-align-items-flex-start\" style=\"max-width:1365px;margin-left: calc(-5% \/ 2 );margin-right: calc(-5% \/ 2 );\"><div class=\"fusion-layout-column fusion_builder_column fusion-builder-column-0 fusion_builder_column_1_1 1_1 fusion-flex-column\"><div class=\"fusion-column-wrapper fusion-flex-justify-content-flex-start fusion-content-layout-column\" style=\"background-position:left top;background-blend-mode: overlay;background-repeat:no-repeat;-webkit-background-size:cover;-moz-background-size:cover;-o-background-size:cover;background-size:cover;padding: 10px 0px 0px 0px;\"><div class=\"fusion-text fusion-text-1\"><p>Psychoterapeuta wsp\u00f3\u0142pracuj\u0105cy.<\/p>\n<p><strong>Jestem pedagogiem, psychoterapeut\u0105, certyfikowanym instruktorem terapii uzale\u017cnie\u0144, w procesie szkolenia Somatic Experiencing (SE).<\/strong><\/p>\n<p>Prowadz\u0119 sesje\u00a0indywidualne i grupowe, a tak\u017ce warsztaty rozwoju osobistego.<\/p>\n<p>Skupiam si\u0119 na pomaganiu osobom, kt\u00f3re podejrzewaj\u0105, \u017ce maj\u0105 problem z uzale\u017cnieniem w powrocie do efektywnego funkcjonowania w sferze osobistej i zawodowej.<\/p>\n<p>Pomaganie osobom z problemem uzale\u017cnienia to dla mnie \u00a0spotkanie z cz\u0142owiekiem, kt\u00f3remu trzeba pom\u00f3c, a nie objawem, kt\u00f3ry trzeba usun\u0105\u0107.<\/p>\n<\/div><\/div><style type=\"text\/css\">.fusion-body .fusion-builder-column-0{width:100% !important;margin-top : 0px;margin-bottom : 0px;}.fusion-builder-column-0 > .fusion-column-wrapper {padding-top : 10px !important;padding-right : 0px !important;margin-right : 1.9%;padding-bottom : 0px !important;padding-left : 0px !important;margin-left : 1.9%;}@media only screen and (max-width:1177px) {.fusion-body .fusion-builder-column-0{width:100% !important;}.fusion-builder-column-0 > .fusion-column-wrapper {margin-right : 1.9%;margin-left : 1.9%;}}@media only screen and (max-width:700px) {.fusion-body .fusion-builder-column-0{width:100% !important;}.fusion-builder-column-0 > .fusion-column-wrapper {margin-right : 2.375%;margin-left : 2.375%;}}<\/style><\/div><\/div><style type=\"text\/css\">.fusion-body .fusion-flex-container.fusion-builder-row-1{ padding-top : 2vw;margin-top : 0px;padding-right : 0px;padding-bottom : 7vw;margin-bottom : 0px;padding-left : 0px;}@media only screen and (max-width:700px) {.fusion-body .fusion-flex-container.fusion-builder-row-1{ padding-top : 0px;padding-right : 12vw;padding-bottom : 12vw;padding-left : 12vw;}}<\/style><\/div>\n","protected":false},"excerpt":{"rendered":"","protected":false},"author":1,"featured_media":3173,"parent":2095,"menu_order":0,"comment_status":"closed","ping_status":"closed","template":"100-width.php","meta":{"footnotes":""},"class_list":["post-3172","page","type-page","status-publish","has-post-thumbnail","hentry"],"_links":{"self":[{"href":"https:\/\/sensum.waw.pl\/index.php\/wp-json\/wp\/v2\/pages\/3172","targetHints":{"allow":["GET"]}}],"collection":[{"href":"https:\/\/sensum.waw.pl\/index.php\/wp-json\/wp\/v2\/pages"}],"about":[{"href":"https:\/\/sensum.waw.pl\/index.php\/wp-json\/wp\/v2\/types\/page"}],"author":[{"embeddable":true,"href":"https:\/\/sensum.waw.pl\/index.php\/wp-json\/wp\/v2\/users\/1"}],"replies":[{"embeddable":true,"href":"https:\/\/sensum.waw.pl\/index.php\/wp-json\/wp\/v2\/comments?post=3172"}],"version-history":[{"count":1,"href":"https:\/\/sensum.waw.pl\/index.php\/wp-json\/wp\/v2\/pages\/3172\/revisions"}],"predecessor-version":[{"id":3174,"href":"https:\/\/sensum.waw.pl\/index.php\/wp-json\/wp\/v2\/pages\/3172\/revisions\/3174"}],"up":[{"embeddable":true,"href":"https:\/\/sensum.waw.pl\/index.php\/wp-json\/wp\/v2\/pages\/2095"}],"wp:featuredmedia":[{"embeddable":true,"href":"https:\/\/sensum.waw.pl\/index.php\/wp-json\/wp\/v2\/media\/3173"}],"wp:attachment":[{"href":"https:\/\/sensum.waw.pl\/index.php\/wp-json\/wp\/v2\/media?parent=3172"}],"curies":[{"name":"wp","href":"https:\/\/api.w.org\/{rel}","templated":true}]}}