{"id":3091,"date":"2026-01-06T18:23:59","date_gmt":"2026-01-06T17:23:59","guid":{"rendered":"https:\/\/sensum.waw.pl\/?page_id=3091"},"modified":"2026-03-27T08:16:50","modified_gmt":"2026-03-27T07:16:50","slug":"odzyskac-siebie-grupa-terapeutyczna","status":"publish","type":"page","link":"https:\/\/sensum.waw.pl\/index.php\/odzyskac-siebie-grupa-terapeutyczna\/","title":{"rendered":"ODZYSKA\u0106 SIEBIE grupa terapeutyczna"},"content":{"rendered":"<p><div class=\"fusion-fullwidth fullwidth-box fusion-builder-row-1 fusion-flex-container nonhundred-percent-fullwidth non-hundred-percent-height-scrolling fusion-animated\" style=\"background-color: rgba(255,255,255,0);background-position: center center;background-repeat: no-repeat;border-width: 0px 0px 0px 0px;border-color:#e2e2e2;border-style:solid;\" data-animationType=\"fadeInUp\" data-animationDuration=\"1.2\" data-animationOffset=\"top-into-view\" ><div class=\"fusion-builder-row fusion-row fusion-flex-align-items-flex-start\" style=\"max-width:1365px;margin-left: calc(-5% \/ 2 );margin-right: calc(-5% \/ 2 );\"><div class=\"fusion-layout-column fusion_builder_column fusion-builder-column-0 fusion_builder_column_1_1 1_1 fusion-flex-column\"><div class=\"fusion-column-wrapper fusion-flex-justify-content-flex-start fusion-content-layout-column\" style=\"background-position:left top;background-blend-mode: overlay;background-repeat:no-repeat;-webkit-background-size:cover;-moz-background-size:cover;-o-background-size:cover;background-size:cover;padding: 0px 0px 0px 0px;\"><style type=\"text\/css\">@media only screen and (max-width:1177px) {.fusion-title.fusion-title-1{margin-top:10px!important; margin-right:0px!important;margin-bottom:15px!important;margin-left:0px!important;}}@media only screen and (max-width:700px) {.fusion-title.fusion-title-1{margin-top:10px!important; margin-right:0px!important;margin-bottom:10px!important; margin-left:0px!important;}}<\/style><div class=\"fusion-title title fusion-title-1 fusion-sep-none fusion-title-text fusion-title-size-two\" style=\"margin-top:10px;margin-right:0px;margin-bottom:15px;margin-left:0px;\"><h2 class=\"title-heading-left\" style=\"margin:0;line-height:1.3em;\"><\/h2><\/div><\/div><style type=\"text\/css\">.fusion-body .fusion-builder-column-0{width:100% !important;margin-top : 0px;margin-bottom : 0px;}.fusion-builder-column-0 > .fusion-column-wrapper {padding-top : 0px !important;padding-right : 0px !important;margin-right : 1.9%;padding-bottom : 0px !important;padding-left : 0px !important;margin-left : 2.375%;}@media only screen and (max-width:1177px) {.fusion-body .fusion-builder-column-0{width:100% !important;}.fusion-builder-column-0 > .fusion-column-wrapper {margin-right : 1.9%;margin-left : 2.375%;}}@media only screen and (max-width:700px) {.fusion-body .fusion-builder-column-0{width:100% !important;}.fusion-builder-column-0 > .fusion-column-wrapper {margin-right : 2.375%;margin-left : 2.375%;}}<\/style><\/div><div class=\"fusion-layout-column fusion_builder_column fusion-builder-column-1 fusion_builder_column_1_1 1_1 fusion-flex-column\"><div class=\"fusion-column-wrapper fusion-flex-justify-content-flex-start fusion-content-layout-column\" style=\"background-position:left top;background-blend-mode: overlay;background-repeat:no-repeat;-webkit-background-size:cover;-moz-background-size:cover;-o-background-size:cover;background-size:cover;padding: 10px 0px 0px 0px;\"><div class=\"fusion-text fusion-text-1\"><h2 style=\"text-align: center;\"><strong>ODZYSKA\u0106 SIEBIE grupa terapeutyczna<\/strong><\/h2>\n<h3 style=\"text-align: center;\">Jest to grupa dla os\u00f3b mierz\u0105cych si\u0119 z problemem uzale\u017cnienia<br \/>\nprowadzona w podej\u015bciu humanistyczno-do\u015bwiadczeniowym<\/h3>\n<p><strong>\u00a0<\/strong>Zapraszamy osoby poszukuj\u0105ce odpowiedzi na pytania jak odzyskiwa\u0107 wp\u0142yw na swoje \u017cycie, odnajdywa\u0107 si\u0119 w wa\u017cnych relacjach, rozpoznawa\u0107 swoje emocje, potrzeby i jak je wyra\u017ca\u0107. Pracujemy w atmosferze akceptacji, \u017cyczliwo\u015bci, zrozumienia dla trudu tego poszukiwania i nadziei na zmian\u0119.<\/p>\n<p>Od wielu lat wspieramy osoby w procesie wychodzenia z uzale\u017cnienia i budowania nowej jako\u015bci \u017cycia.<br \/>\nJe\u017celi czujesz, \u017ce to czas, \u017ceby zrobi\u0107 krok ku sobie \u2013 zapraszamy.<\/p>\n<p>Konsultacje kwalifikacyjne: od grudnia 2025<\/p>\n<p><strong>Planowany start grupy:<\/strong> 2026 (jak si\u0119 zbierze grupa).<\/p>\n<p><strong>Miejsce<\/strong>: O\u015brodek SENSUM ul. Or\u0142owskiego 45 \/2, Warszawa-Wawer<\/p>\n<p><strong>Ma\u0142a grupa: <\/strong>max 10-12 os\u00f3b.<\/p>\n<p><strong>Czas trwania<\/strong>: 1 rok (cykl roczny, z mo\u017cliwo\u015bci\u0105 przed\u0142u\u017cenia na kolejny cykl\/rok)<\/p>\n<p><strong>Cz\u0119stotliwo\u015b\u0107<\/strong>: 1 raz w tygodniu (2 godz.), czwartki w godz. 18-20<\/p>\n<p><strong>Koszt: <\/strong>200 z\u0142 za spotkanie (miesi\u0119cznie: 800 z\u0142 &#8211; 4 sp\u00a0 lub\u00a0 1000 z\u0142 \u2013 5 spotka\u0144);<\/p>\n<p><strong>Grupa jest p\u00f3\u0142otwarta<\/strong>: mo\u017cna do\u0142\u0105czy\u0107, je\u015bli kto\u015b odpadnie z grypy i zwolni si\u0119 miejsce<\/p>\n<p><strong>Prowadz\u0105cy:<\/strong><\/p>\n<p><strong><em>Anna Twierdzia\u0144ska<\/em><\/strong><strong> \u2013<\/strong> psycholog, psychoterapeutka humanistyczno-do\u015bwiadczeniowa, certyfikowana specjalistka psychoterapii uzale\u017cnie\u0144, w procesie szkolenia Somatic Experiencing (SE).<\/p>\n<p><em>&#8222;Od ponad dziesi\u0119ciu lat wspieram osoby zmagaj\u0105ce si\u0119 z uzale\u017cnieniem i kryzysem. W swojej pracy kieruj\u0119 si\u0119 g\u0142\u0119bok\u0105 wiar\u0105 w cz\u0142owieka, jego wewn\u0119trzne zasoby i zdolno\u015b\u0107 do odbudowy nawet po bardzo trudnych do\u015bwiadczeniach. Szczeg\u00f3lnie wa\u017cne s\u0105 dla mnie autentyczna relacja, uwa\u017cno\u015b\u0107 na cia\u0142o i emocje oraz szacunek dla indywidualnej drogi ka\u017cdej osoby.&#8221;<\/em><\/p>\n<p><strong><em>Patrycjusz Kosu\u0144<\/em><\/strong> \u2013 pedagog, certyfikowany instruktor terapii uzale\u017cnie\u0144, w procesie szkolenia Somatic Experiencing (SE).<\/p>\n<p><em>&#8222;Pomaganie osobom z problemem uzale\u017cnienia to dla mnie \u00a0spotkanie z cz\u0142owiekiem, kt\u00f3remu trzeba pom\u00f3c , a nie objawem, kt\u00f3ry trzeba usun\u0105\u0107.&#8221;<\/em><\/p>\n<p><strong>Kontakt \/ zapisy na konsultacj\u0119:<\/strong><\/p>\n<p>tel. <a href=\"tel:506666777\">506-666-777<\/a> (pon.-pt. w godz. 9-17)<\/p>\n<p>mailem: <a href=\"mailto:gabinet@pomoc-psycholog.pl\">gabinet@pomoc-psycholog.pl<\/a><\/p>\n<\/div><div class=\"fusion-text fusion-text-2\"><\/div><\/div><style type=\"text\/css\">.fusion-body .fusion-builder-column-1{width:100% !important;margin-top : 0px;margin-bottom : 0px;}.fusion-builder-column-1 > .fusion-column-wrapper {padding-top : 10px !important;padding-right : 0px !important;margin-right : 1.9%;padding-bottom : 0px !important;padding-left : 0px !important;margin-left : 1.9%;}@media only screen and (max-width:1177px) {.fusion-body .fusion-builder-column-1{width:100% !important;}.fusion-builder-column-1 > .fusion-column-wrapper {margin-right : 1.9%;margin-left : 1.9%;}}@media only screen and (max-width:700px) {.fusion-body .fusion-builder-column-1{width:100% !important;}.fusion-builder-column-1 > .fusion-column-wrapper {margin-right : 2.375%;margin-left : 2.375%;}}<\/style><\/div><\/div><style type=\"text\/css\">.fusion-body .fusion-flex-container.fusion-builder-row-1{ padding-top : 2vw;margin-top : 0px;padding-right : 0px;padding-bottom : 7vw;margin-bottom : 0px;padding-left : 0px;}@media only screen and (max-width:700px) {.fusion-body .fusion-flex-container.fusion-builder-row-1{ padding-top : 0px;padding-right : 12vw;padding-bottom : 12vw;padding-left : 12vw;}}<\/style><\/div><div class=\"fusion-fullwidth fullwidth-box fusion-builder-row-2 fusion-flex-container nonhundred-percent-fullwidth non-hundred-percent-height-scrolling fusion-animated\" style=\"background-color: rgba(255,255,255,0);background-position: center center;background-repeat: no-repeat;border-width: 0px 0px 0px 0px;border-color:#e2e2e2;border-style:solid;\" data-animationType=\"fadeInUp\" data-animationDuration=\"1.2\" data-animationOffset=\"top-into-view\" ><div class=\"fusion-builder-row fusion-row fusion-flex-align-items-flex-start\" style=\"max-width:1365px;margin-left: calc(-5% \/ 2 );margin-right: calc(-5% \/ 2 );\"><\/div><style type=\"text\/css\">.fusion-body .fusion-flex-container.fusion-builder-row-2{ padding-top : 2vw;margin-top : 0px;padding-right : 0px;padding-bottom : 7vw;margin-bottom : 0px;padding-left : 0px;}@media only screen and (max-width:700px) {.fusion-body .fusion-flex-container.fusion-builder-row-2{ padding-top : 0px;padding-right : 12vw;padding-bottom : 12vw;padding-left : 12vw;}}<\/style><\/div><div class=\"fusion-fullwidth fullwidth-box fusion-builder-row-3 fusion-flex-container fusion-parallax-fixed nonhundred-percent-fullwidth non-hundred-percent-height-scrolling lazyload\" style=\"background-color: rgba(255,255,255,0);background-image:linear-gradient(90deg, rgba(1,43,127,0.46) 0%,rgba(255,255,255,0) 78%);background-position: center top;background-repeat: no-repeat;border-width: 0px 0px 0px 0px;border-color:#e2e2e2;border-style:solid;-webkit-background-size:cover;-moz-background-size:cover;-o-background-size:cover;background-size:cover;background-attachment:fixed;\" data-bg=\"https:\/\/sensum.waw.pl\/wp-content\/uploads\/2021\/10\/sensum-psychoterapia-scaled.jpg\" data-bg-gradient=\"linear-gradient(90deg, rgba(1,43,127,0.46) 0%,rgba(255,255,255,0) 78%)\" ><div class=\"fusion-builder-row fusion-row fusion-flex-align-items-center\" style=\"max-width:1365px;margin-left: calc(-5% \/ 2 );margin-right: calc(-5% \/ 2 );\"><div class=\"fusion-layout-column fusion_builder_column fusion-builder-column-2 fusion_builder_column_1_1 1_1 fusion-flex-column fusion-animated\" data-animationType=\"fadeInLeft\" data-animationDuration=\"1.0\" data-animationOffset=\"top-into-view\"><div class=\"fusion-column-wrapper fusion-flex-justify-content-center fusion-content-layout-column\" style=\"background-position:left top;background-repeat:no-repeat;-webkit-background-size:cover;-moz-background-size:cover;-o-background-size:cover;background-size:cover;padding: 0px 0px 0px 0px;\"><style type=\"text\/css\">@media only screen and (max-width:1177px) {.fusion-title.fusion-title-2{margin-top:10px!important; margin-right:0px!important;margin-bottom:1.5vw!important;margin-left:0px!important;}}@media only screen and (max-width:700px) {.fusion-title.fusion-title-2{margin-top:10px!important; margin-right:0px!important;margin-bottom:40px!important; margin-left:0px!important;}}<\/style><div class=\"fusion-title title fusion-title-2 fusion-no-small-visibility fusion-no-medium-visibility fusion-sep-none fusion-title-text fusion-title-size-two\" style=\"font-size:62px;margin-top:10px;margin-right:0px;margin-bottom:1.5vw;margin-left:0px;\"><h2 class=\"title-heading-left\" style=\"margin:0;font-size:1em;color:#ffffff;line-height:1.2;\"><\/h2><\/div><style type=\"text\/css\">@media only screen and (max-width:1177px) {.fusion-title.fusion-title-3{margin-top:10px!important; margin-right:0px!important;margin-bottom:1.5vw!important;margin-left:0px!important;}}@media only screen and (max-width:700px) {.fusion-title.fusion-title-3{margin-top:10px!important; margin-right:0px!important;margin-bottom:40px!important; margin-left:0px!important;}}<\/style><div class=\"fusion-title title fusion-title-3 fusion-no-large-visibility fusion-sep-none fusion-title-text fusion-title-size-two\" style=\"font-size:42px;margin-top:10px;margin-right:0px;margin-bottom:1.5vw;margin-left:0px;\"><h2 class=\"title-heading-left\" style=\"margin:0;font-size:1em;color:#ffffff;line-height:1.2;\">\u201cOur wounds are often the openings into the best and most beautiful part of us.\u201d<\/h2><\/div><div class=\"fusion-text fusion-text-3\" style=\"font-size:21px;color:#ffffff;\"><p style=\"width: 75%; text-align: left;\">Zapisy: <a href=\"tel:+48506666777\">+48 506 666 777<\/a><\/p>\n<p style=\"width: 75%; text-align: left;\">Poniedzia\u0142ek-pi\u0105tek w godz. 9-17<\/p>\n<\/div><\/div><style type=\"text\/css\">.fusion-body .fusion-builder-column-2{width:100% !important;margin-top : 0px;margin-bottom : 0px;}.fusion-builder-column-2 > .fusion-column-wrapper {padding-top : 0px !important;padding-right : 0px !important;margin-right : 2.375%;padding-bottom : 0px !important;padding-left : 0px !important;margin-left : 2.375%;}@media only screen and (max-width:1177px) {.fusion-body .fusion-builder-column-2{width:100% !important;}.fusion-builder-column-2 > .fusion-column-wrapper {margin-right : 2.375%;margin-left : 2.375%;}}@media only screen and (max-width:700px) {.fusion-body .fusion-builder-column-2{width:100% !important;}.fusion-builder-column-2 > .fusion-column-wrapper {margin-right : 2.375%;margin-left : 2.375%;}}<\/style><\/div><\/div><style type=\"text\/css\">.fusion-body .fusion-flex-container.fusion-builder-row-3{ padding-top : 8vw;margin-top : 0px;padding-right : 0px;padding-bottom : 8vw;margin-bottom : 0px;padding-left : 0px;}@media only screen and (max-width:700px) {.fusion-body .fusion-flex-container.fusion-builder-row-3{ padding-top : 12vw;padding-bottom : 12vw;}}<\/style><\/div><\/p>\n","protected":false},"excerpt":{"rendered":"","protected":false},"author":1,"featured_media":3108,"parent":0,"menu_order":0,"comment_status":"closed","ping_status":"closed","template":"100-width.php","meta":{"footnotes":""},"class_list":["post-3091","page","type-page","status-publish","has-post-thumbnail","hentry"],"_links":{"self":[{"href":"https:\/\/sensum.waw.pl\/index.php\/wp-json\/wp\/v2\/pages\/3091","targetHints":{"allow":["GET"]}}],"collection":[{"href":"https:\/\/sensum.waw.pl\/index.php\/wp-json\/wp\/v2\/pages"}],"about":[{"href":"https:\/\/sensum.waw.pl\/index.php\/wp-json\/wp\/v2\/types\/page"}],"author":[{"embeddable":true,"href":"https:\/\/sensum.waw.pl\/index.php\/wp-json\/wp\/v2\/users\/1"}],"replies":[{"embeddable":true,"href":"https:\/\/sensum.waw.pl\/index.php\/wp-json\/wp\/v2\/comments?post=3091"}],"version-history":[{"count":14,"href":"https:\/\/sensum.waw.pl\/index.php\/wp-json\/wp\/v2\/pages\/3091\/revisions"}],"predecessor-version":[{"id":3221,"href":"https:\/\/sensum.waw.pl\/index.php\/wp-json\/wp\/v2\/pages\/3091\/revisions\/3221"}],"wp:featuredmedia":[{"embeddable":true,"href":"https:\/\/sensum.waw.pl\/index.php\/wp-json\/wp\/v2\/media\/3108"}],"wp:attachment":[{"href":"https:\/\/sensum.waw.pl\/index.php\/wp-json\/wp\/v2\/media?parent=3091"}],"curies":[{"name":"wp","href":"https:\/\/api.w.org\/{rel}","templated":true}]}}