{"id":2851,"date":"2024-08-26T13:00:12","date_gmt":"2024-08-26T11:00:12","guid":{"rendered":"https:\/\/sensum.waw.pl\/?page_id=2851"},"modified":"2026-01-20T12:48:55","modified_gmt":"2026-01-20T11:48:55","slug":"piotr_jazdzyk","status":"publish","type":"page","link":"https:\/\/sensum.waw.pl\/index.php\/zespol\/piotr_jazdzyk\/","title":{"rendered":"Piotr Ja\u017cd\u017cyk &#8211; PSYCHIATRA"},"content":{"rendered":"<div class=\"fusion-fullwidth fullwidth-box fusion-builder-row-1 fusion-flex-container nonhundred-percent-fullwidth non-hundred-percent-height-scrolling fusion-animated\" style=\"background-color: rgba(255,255,255,0);background-position: center center;background-repeat: no-repeat;border-width: 0px 0px 0px 0px;border-color:#e2e2e2;border-style:solid;\" data-animationType=\"fadeInUp\" data-animationDuration=\"1.2\" data-animationOffset=\"top-into-view\" ><div class=\"fusion-builder-row fusion-row fusion-flex-align-items-flex-start\" style=\"max-width:1365px;margin-left: calc(-5% \/ 2 );margin-right: calc(-5% \/ 2 );\"><div class=\"fusion-layout-column fusion_builder_column fusion-builder-column-0 fusion_builder_column_1_1 1_1 fusion-flex-column\"><div class=\"fusion-column-wrapper fusion-flex-justify-content-flex-start fusion-content-layout-column\" style=\"background-position:left top;background-blend-mode: overlay;background-repeat:no-repeat;-webkit-background-size:cover;-moz-background-size:cover;-o-background-size:cover;background-size:cover;padding: 10px 0px 0px 0px;\"><div class=\"fusion-text fusion-text-1\"><p>Pracuje w lokalizacji: <strong>Raszyn, ul. Poniatowskiego 18A, Centrum Terapii KONSENSUS.<\/strong><\/p>\n<p><strong>Jestem lekarzem w trakcie specjalizacji z psychiatrii doros\u0142ych.<\/strong><\/p>\n<p><strong>Uko\u0144czy\u0142em Uniwersytet Medyczny w \u0141odzi. Na co dzie\u0144 pracuj\u0119 na Oddziale Chor\u00f3b Afektywnych II Kliniki Psychiatrycznej Instytutu Psychiatrii i Neurologii w Warszawie.<\/strong><\/p>\n<p>Ostatnie 2 lata szkolenia specjalizacyjnego odby\u0142em w ramach sta\u017cu naukowo-klinicznego w Department of Neurostimulation GGZ inGeest Hospital w Amsterdamie. Do\u015bwiadczenie zawodowe zdobywa\u0142em\u00a0 w ramach sta\u017cy specjalizacyjnych: w Klinice Nerwic, Zaburze\u0144 Osobowo\u015bci i Zaburze\u0144 Od\u017cywiania. Oraz na\u00a0 Oddziale Diagnostyczno-Terapeutycznym Mokotowskiego Centrum Zdrowia\u00a0 Psychicznego IPiN\u00a0 i\u00a0 Psychiatric Department of Santa Maria University Hospital w Lizbonie.<\/p>\n<p>Szczeg\u00f3lnie interesuj\u0119 si\u0119 leczeniem lekoopornych postaci zaburze\u0144 nastroju oraz nowymi metodami farmakoterapii, w tym szybko dzia\u0142aj\u0105cymi lekami przeciwdepresyjnymi.<\/p>\n<p>W O\u015brodku Sensum wsp\u00f3\u0142pracuj\u0119 z psychoterapeutami konsultuj\u0105c pacjent\u00f3w oraz dobieraj\u0105c farmakoterapi\u0119 w taki spos\u00f3b, aby najlepiej wsp\u00f3\u0142dzia\u0142a\u0142a z procesem terapeutycznym. G\u0142\u0119boko wierz\u0119 w holistyczne podej\u015bcie do pacjenta.<\/p>\n<p>Pomagam pacjentom doros\u0142ym z depresj\u0105, chorob\u0105 afektywn\u0105 dwubiegunow\u0105, zaburzeniami l\u0119kowymi, osobowo\u015bci, snu, schizofreni\u0105 oraz uzale\u017cnieniami od substancji psychoaktywnych.<\/p>\n<\/div><\/div><style type=\"text\/css\">.fusion-body .fusion-builder-column-0{width:100% !important;margin-top : 0px;margin-bottom : 0px;}.fusion-builder-column-0 > .fusion-column-wrapper {padding-top : 10px !important;padding-right : 0px !important;margin-right : 1.9%;padding-bottom : 0px !important;padding-left : 0px !important;margin-left : 1.9%;}@media only screen and (max-width:1177px) {.fusion-body .fusion-builder-column-0{width:100% !important;}.fusion-builder-column-0 > .fusion-column-wrapper {margin-right : 1.9%;margin-left : 1.9%;}}@media only screen and (max-width:700px) {.fusion-body .fusion-builder-column-0{width:100% !important;}.fusion-builder-column-0 > .fusion-column-wrapper {margin-right : 2.375%;margin-left : 2.375%;}}<\/style><\/div><\/div><style type=\"text\/css\">.fusion-body .fusion-flex-container.fusion-builder-row-1{ padding-top : 2vw;margin-top : 0px;padding-right : 0px;padding-bottom : 7vw;margin-bottom : 0px;padding-left : 0px;}@media only screen and (max-width:700px) {.fusion-body .fusion-flex-container.fusion-builder-row-1{ padding-top : 0px;padding-right : 12vw;padding-bottom : 12vw;padding-left : 12vw;}}<\/style><\/div>\n","protected":false},"excerpt":{"rendered":"","protected":false},"author":1,"featured_media":2852,"parent":2095,"menu_order":0,"comment_status":"closed","ping_status":"closed","template":"100-width.php","meta":{"footnotes":""},"class_list":["post-2851","page","type-page","status-publish","has-post-thumbnail","hentry"],"_links":{"self":[{"href":"https:\/\/sensum.waw.pl\/index.php\/wp-json\/wp\/v2\/pages\/2851","targetHints":{"allow":["GET"]}}],"collection":[{"href":"https:\/\/sensum.waw.pl\/index.php\/wp-json\/wp\/v2\/pages"}],"about":[{"href":"https:\/\/sensum.waw.pl\/index.php\/wp-json\/wp\/v2\/types\/page"}],"author":[{"embeddable":true,"href":"https:\/\/sensum.waw.pl\/index.php\/wp-json\/wp\/v2\/users\/1"}],"replies":[{"embeddable":true,"href":"https:\/\/sensum.waw.pl\/index.php\/wp-json\/wp\/v2\/comments?post=2851"}],"version-history":[{"count":4,"href":"https:\/\/sensum.waw.pl\/index.php\/wp-json\/wp\/v2\/pages\/2851\/revisions"}],"predecessor-version":[{"id":3155,"href":"https:\/\/sensum.waw.pl\/index.php\/wp-json\/wp\/v2\/pages\/2851\/revisions\/3155"}],"up":[{"embeddable":true,"href":"https:\/\/sensum.waw.pl\/index.php\/wp-json\/wp\/v2\/pages\/2095"}],"wp:featuredmedia":[{"embeddable":true,"href":"https:\/\/sensum.waw.pl\/index.php\/wp-json\/wp\/v2\/media\/2852"}],"wp:attachment":[{"href":"https:\/\/sensum.waw.pl\/index.php\/wp-json\/wp\/v2\/media?parent=2851"}],"curies":[{"name":"wp","href":"https:\/\/api.w.org\/{rel}","templated":true}]}}