{"id":2832,"date":"2024-04-10T15:48:38","date_gmt":"2024-04-10T13:48:38","guid":{"rendered":"https:\/\/sensum.waw.pl\/?page_id=2832"},"modified":"2026-01-20T12:37:21","modified_gmt":"2026-01-20T11:37:21","slug":"alicja-dlugolecka","status":"publish","type":"page","link":"https:\/\/sensum.waw.pl\/index.php\/zespol\/alicja-dlugolecka\/","title":{"rendered":"Alicja D\u0142ugo\u0142\u0119cka"},"content":{"rendered":"<div class=\"fusion-fullwidth fullwidth-box fusion-builder-row-1 fusion-flex-container nonhundred-percent-fullwidth non-hundred-percent-height-scrolling fusion-animated\" style=\"background-color: rgba(255,255,255,0);background-position: center center;background-repeat: no-repeat;border-width: 0px 0px 0px 0px;border-color:#e2e2e2;border-style:solid;\" data-animationType=\"fadeInUp\" data-animationDuration=\"1.2\" data-animationOffset=\"top-into-view\" ><div class=\"fusion-builder-row fusion-row fusion-flex-align-items-flex-start\" style=\"max-width:1365px;margin-left: calc(-5% \/ 2 );margin-right: calc(-5% \/ 2 );\"><div class=\"fusion-layout-column fusion_builder_column fusion-builder-column-0 fusion_builder_column_1_1 1_1 fusion-flex-column\"><div class=\"fusion-column-wrapper fusion-flex-justify-content-flex-start fusion-content-layout-column\" style=\"background-position:left top;background-blend-mode: overlay;background-repeat:no-repeat;-webkit-background-size:cover;-moz-background-size:cover;-o-background-size:cover;background-size:cover;padding: 10px 0px 0px 0px;\"><div class=\"fusion-text fusion-text-1\"><p>Pracuje w lokalizacji: <strong>Warszawa-Rado\u015b\u0107.\u00a0\u00a0<\/strong><\/p>\n<p><strong>Alicja D\u0142ugo\u0142\u0119cka- dr n.hum., absolwentka Wydzia\u0142u Pedagogiki na Uniwersytecie Warszawskim, edukatorka seksualna, wieloletnia wyk\u0142adowczyni psychosomatyki i rehabilitacji seksualnej w Wydziale Rehabilitacji w Akademii Wychowania Fizycznego w Warszawie, psychoterapeutka w nurcie humanistyczno-do\u015bwiadczeniowym.<\/strong><\/p>\n<p>Na co dzie\u0144 pracuj\u0119 z klientami w zakresie edukacji psychoseksualnej, terapii indywidualnej i partnerskiej w O\u015brodku Psychoterapii i Rozwoju Sensum oraz w Centrum Terapii Lew-Starowicz w Warszawie oraz aktywnie dzia\u0142am w formie zaj\u0119\u0107 edukacyjnych i warsztatowych w organizacjach pozarz\u0105dowych m.in w Fundacji Raknroll, FAR i Sekson.<\/p>\n<p>W pracy terapeutycznej szczeg\u00f3lnie bliskie jest mi podej\u015bcie egzystencjalno-do\u015bwiadczeniowe w obszarach obejmuj\u0105cych zagadnienia to\u017csamo\u015bci, zdrowia i choroby, cielesno\u015bci i seksualno\u015bci.\u00a0 Jestem autork\u0105 i wsp\u00f3\u0142autork\u0105 licznych ksi\u0105\u017cek i artyku\u0142\u00f3w naukowych i popularnonaukowych z tego zakresu m.in. monografii \u201eEdukacja seksualna\u201d, \u201ePsychoseksualne funkcjonowanie os\u00f3b z niepe\u0142nosprawno\u015bci\u0105 fizyczn\u0105\u201d, \u201eJak si\u0119 kocha\u0107\u201d i \u201eSeks na wysokich obcasach\u201d, \u201eZwyk\u0142ej ksi\u0105\u017cki o tym, sk\u0105d si\u0119 bior\u0105 dzieci\u201d, &#8222;Wdzi\u0119czno\u015b\u0107&#8221;, &#8222;Seks trzyma nas przy \u017cyciu&#8221;, &#8222;Wstyd&#8221; , \u201eSexedpl\u201d, &#8222;Przyp\u0142yw&#8221;.<\/p>\n<\/div><\/div><style type=\"text\/css\">.fusion-body .fusion-builder-column-0{width:100% !important;margin-top : 0px;margin-bottom : 0px;}.fusion-builder-column-0 > .fusion-column-wrapper {padding-top : 10px !important;padding-right : 0px !important;margin-right : 1.9%;padding-bottom : 0px !important;padding-left : 0px !important;margin-left : 1.9%;}@media only screen and (max-width:1177px) {.fusion-body .fusion-builder-column-0{width:100% !important;}.fusion-builder-column-0 > .fusion-column-wrapper {margin-right : 1.9%;margin-left : 1.9%;}}@media only screen and (max-width:700px) {.fusion-body .fusion-builder-column-0{width:100% !important;}.fusion-builder-column-0 > .fusion-column-wrapper {margin-right : 2.375%;margin-left : 2.375%;}}<\/style><\/div><\/div><style type=\"text\/css\">.fusion-body .fusion-flex-container.fusion-builder-row-1{ padding-top : 2vw;margin-top : 0px;padding-right : 0px;padding-bottom : 7vw;margin-bottom : 0px;padding-left : 0px;}@media only screen and (max-width:700px) {.fusion-body .fusion-flex-container.fusion-builder-row-1{ padding-top : 0px;padding-right : 12vw;padding-bottom : 12vw;padding-left : 12vw;}}<\/style><\/div>\n","protected":false},"excerpt":{"rendered":"","protected":false},"author":1,"featured_media":2836,"parent":2095,"menu_order":0,"comment_status":"closed","ping_status":"closed","template":"100-width.php","meta":{"footnotes":""},"class_list":["post-2832","page","type-page","status-publish","has-post-thumbnail","hentry"],"_links":{"self":[{"href":"https:\/\/sensum.waw.pl\/index.php\/wp-json\/wp\/v2\/pages\/2832","targetHints":{"allow":["GET"]}}],"collection":[{"href":"https:\/\/sensum.waw.pl\/index.php\/wp-json\/wp\/v2\/pages"}],"about":[{"href":"https:\/\/sensum.waw.pl\/index.php\/wp-json\/wp\/v2\/types\/page"}],"author":[{"embeddable":true,"href":"https:\/\/sensum.waw.pl\/index.php\/wp-json\/wp\/v2\/users\/1"}],"replies":[{"embeddable":true,"href":"https:\/\/sensum.waw.pl\/index.php\/wp-json\/wp\/v2\/comments?post=2832"}],"version-history":[{"count":3,"href":"https:\/\/sensum.waw.pl\/index.php\/wp-json\/wp\/v2\/pages\/2832\/revisions"}],"predecessor-version":[{"id":3139,"href":"https:\/\/sensum.waw.pl\/index.php\/wp-json\/wp\/v2\/pages\/2832\/revisions\/3139"}],"up":[{"embeddable":true,"href":"https:\/\/sensum.waw.pl\/index.php\/wp-json\/wp\/v2\/pages\/2095"}],"wp:featuredmedia":[{"embeddable":true,"href":"https:\/\/sensum.waw.pl\/index.php\/wp-json\/wp\/v2\/media\/2836"}],"wp:attachment":[{"href":"https:\/\/sensum.waw.pl\/index.php\/wp-json\/wp\/v2\/media?parent=2832"}],"curies":[{"name":"wp","href":"https:\/\/api.w.org\/{rel}","templated":true}]}}