{"id":2813,"date":"2024-04-05T13:01:23","date_gmt":"2024-04-05T11:01:23","guid":{"rendered":"https:\/\/sensum.waw.pl\/?page_id=2813"},"modified":"2024-04-05T13:19:33","modified_gmt":"2024-04-05T11:19:33","slug":"talenty-gallupa","status":"publish","type":"page","link":"https:\/\/sensum.waw.pl\/index.php\/talenty-gallupa\/","title":{"rendered":"Talenty Gallupa"},"content":{"rendered":"<div class=\"fusion-fullwidth fullwidth-box fusion-builder-row-1 fusion-flex-container nonhundred-percent-fullwidth non-hundred-percent-height-scrolling\" style=\"background-color: rgba(255,255,255,0);background-position: center center;background-repeat: no-repeat;border-width: 0px 0px 0px 0px;border-color:#e2e2e2;border-style:solid;\" ><div class=\"fusion-builder-row fusion-row fusion-flex-align-items-stretch\" style=\"max-width:1365px;margin-left: calc(-5% \/ 2 );margin-right: calc(-5% \/ 2 );\"><div class=\"fusion-layout-column fusion_builder_column fusion-builder-column-0 fusion_builder_column_1_1 1_1 fusion-flex-column fusion-flex-align-self-flex-start fusion-column-inner-bg-wrapper fusion-animated\" data-animationType=\"fadeInUp\" data-animationDuration=\"1.0\" data-animationOffset=\"top-into-view\"><div class=\"fusion-column-wrapper fusion-flex-justify-content-center fusion-content-layout-column\" style=\"border-radius:6px 6px 6px 6px;overflow:hidden;padding: 4vw 4vw 6vw 4vw;\"><style type=\"text\/css\">@media only screen and (max-width:1177px) {.fusion-title.fusion-title-1{margin-top:10px!important; margin-right:0px!important;margin-bottom:15px!important;margin-left:0px!important;}}@media only screen and (max-width:700px) {.fusion-title.fusion-title-1{margin-top:10px!important; margin-right:0px!important;margin-bottom:10px!important; margin-left:0px!important;}}<\/style><div class=\"fusion-title title fusion-title-1 fusion-sep-none fusion-title-center fusion-title-text fusion-title-size-two\" style=\"margin-top:10px;margin-right:0px;margin-bottom:15px;margin-left:0px;\"><h2 class=\"title-heading-center\" style=\"margin:0;color:#3d3d3d;\">Talenty Gallupa<\/h2><\/div><style type=\"text\/css\">#accordion-2813-1 .fusion-panel:hover, #accordion-2813-1 .fusion-panel.hover{ background-color: #f9f9fb } #accordion-2813-1 .fusion-panel { border-color:#e2e2e2; border-width:0px; background-color:#ffffff; }.fusion-accordian  #accordion-2813-1 .panel-title a .fa-fusion-box{ color: #ffffff;}.fusion-accordian  #accordion-2813-1 .panel-title a .fa-fusion-box:before{ font-size: 13px; width: 13px;}.fusion-accordian  #accordion-2813-1 .panel-title a{font-size:28px;}.fusion-accordian  #accordion-2813-1 .fa-fusion-box { background-color: #212934;border-color: #212934;}.fusion-accordian  #accordion-2813-1 .panel-title a:hover, #accordion-2813-1 .fusion-toggle-boxed-mode:hover .panel-title a { color: #012b7f;}.fusion-accordian  #accordion-2813-1 .panel-title .active .fa-fusion-box,.fusion-accordian  #accordion-2813-1 .panel-title a:hover .fa-fusion-box { background-color: #012b7f!important;border-color: #012b7f!important;}<\/style><div class=\"accordian fusion-accordian\"><div class=\"panel-group\" id=\"accordion-2813-1\"><div class=\"fusion-panel panel-default fusion-toggle-no-divider fusion-toggle-boxed-mode\"><div class=\"panel-heading\"><h4 class=\"panel-title toggle\"><a class=\"active\" aria-expanded=\"true\" aria-controls=\"94b21896fc043d9ab\" role=\"button\" data-toggle=\"collapse\" data-parent=\"#accordion-2813-1\" data-target=\"#94b21896fc043d9ab\" href=\"#94b21896fc043d9ab\"><span class=\"fusion-toggle-icon-wrapper\" aria-hidden=\"true\"><i class=\"fa-fusion-box\" aria-hidden=\"true\"><\/i><\/span><span class=\"fusion-toggle-heading\">TALENTY GALLUPA <\/span><\/a><\/h4><\/div><div id=\"94b21896fc043d9ab\" class=\"panel-collapse collapse in\"><div class=\"panel-body toggle-content fusion-clearfix\">\n<p>Dzie\u0328ki znajomos\u0301ci swoich talento\u0301w che\u0328tniej podejmujemy wyzwania, kto\u0301re nas rozwijaj\u0105.<br \/>\nZwie\u0328kszamy swoja\u0328 motywacj\u0119 do wykonywanych zadan\u0301, pracy, obowia\u0328zko\u0301w.<br \/>\nWybieramy do pracy obszary, kto\u0301re sprawiaja\u0328 nam przyjemno\u015b\u0107, rozwijaja\u0328 i daja\u0328 poczucie sprawczos\u0301ci.<\/p>\n<p>Znajomo\u015b\u0107 w\u0142asnych talent\u00f3w wspiera r\u00f3wnie\u017c akceptacj\u0119 siebie, poczucie w\u0142asnej warto\u015bci i pomaga odnale\u017a\u0107 obszary wsp\u00f3lne z innymi osobami.<br \/>\nTo tylko kilka korzy\u015bci p\u0142yn\u0105cych z poszerzenia wiedzy na temat swoich talent\u00f3w.<\/p>\n<h3>Czym jest metoda Talent\u00f3w Gallupa?<\/h3>\n<p>To narz\u0119dzie diagnostyczne s\u0142u\u017c\u0105ce do identyfikacji i wykorzystania naturalnych talent\u00f3w jednostki, kt\u00f3re s\u0105 kluczowe dla efektywno\u015bci w r\u00f3\u017cnych obszarach \u017cycia w celu osi\u0105gni\u0119cia sukcesu zawodowego i osobistego.<br \/>\nTalenty s\u0105 tu rozumiane jako naturalne zdolno\u015bci, kt\u00f3re mog\u0105 by\u0107 rozwijane i<br \/>\nwykorzystywane do osi\u0105gania sukcesu w r\u00f3\u017cnych obszarach \u017cycia.<\/p>\n<p>Metoda powsta\u0142a w latach 90. XX wieku z inicjatywy Donald O. Cliftona i Paula Allena. Do dzi\u015b zosta\u0142o przebadanych miliony os\u00f3b na ca\u0142ym \u015bwiecie.<br \/>\nWarto wykona\u0107 test, aby pozna\u0107 i lepiej zrozumie\u0107 swoje talenty i w my\u015bl psychologii pozytywnej, kt\u00f3ra przy\u015bwieca badaniom Gallupa przekszta\u0142ci\u0107 je \u015bwiadomie w mocne strony.<\/p>\n<p>Przewaga\u0328 pracy z testami talento\u0301w Gallupa jest moz\u0307liwos\u0301c\u0301 cia\u0328g\u0142ego rozwoju dzie\u0328ki zaproponowanym przez Instytut Gallupa gotowym s\u0301ciez\u0307kom rozwoju dla kaz\u0307dego talentu. Dzie\u0328ki dostarczonym przez test Clifton Strengths, nazywany potocznie testem Gallupa wskazo\u0301wkom do pracy z kaz\u0307dym talentem zyskujemy narze\u0328dzie do d\u0142ugofalowej pracy nad soba\u0328, zamiast jednorazowego zastrzyku wiedzy na swo\u0301j temat.<\/p>\n<p>Po zrobieniu testu warto odby\u0107 sesj\u0119 z certyfikowanym coachem mocnych stron, by lepiej zrozumie\u0107 sw\u00f3j wynik i ukierunkowa\u0107 dalsze dzia\u0142anie w wybranym obszarze.<\/p>\n<p><strong>Je\u015bli chcesz si\u0119 um\u00f3wi\u0107 na konsultacj\u0119 prosimy o kontakt mailowy lub telefoniczny: 506 666 777, <b>gabinet@pomoc-psycholog.pl<\/b><\/strong><\/p>\n<\/div><\/div><\/div><\/div><\/div><\/div><span class=\"fusion-column-inner-bg hover-type-zoomin\" style=\"overflow:hidden;border-radius:6px 6px 6px 6px;;\"><span class=\"fusion-column-anchor\"><span class=\"fusion-column-inner-bg-image\" style=\"background-color:rgba(216,216,216,0.1);background-position:left top;background-repeat:no-repeat;-webkit-background-size:cover;-moz-background-size:cover;-o-background-size:cover;background-size:cover;border-radius:6px 6px 6px 6px;\"><\/span><\/span><\/span><style type=\"text\/css\">.fusion-body .fusion-builder-column-0{width:100% !important;margin-top : 0px;margin-bottom : 0px;}.fusion-builder-column-0 > .fusion-column-wrapper {padding-top : 4vw !important;padding-right : 4vw !important;margin-right : 2.375%;padding-bottom : 6vw !important;padding-left : 4vw !important;margin-left : 2.375%;}.fusion-flex-container .fusion-row .fusion-builder-column-0 > .fusion-column-inner-bg { margin-right:2.375%;margin-left:2.375%; }@media only screen and (max-width:1177px) {.fusion-body .fusion-builder-column-0{width:50% !important;order : 0;}.fusion-builder-column-0 > .fusion-column-wrapper {margin-right : 4.75%;margin-left : 4.75%;}.fusion-flex-container .fusion-row .fusion-builder-column-0 > .fusion-column-inner-bg { margin-right:4.75%;margin-left:4.75%; }}@media only screen and (max-width:700px) {.fusion-body .fusion-builder-column-0{width:100% !important;order : 0;margin-bottom : 6vw;}.fusion-builder-column-0 > .fusion-column-wrapper {padding-top : 9vw !important;padding-right : 4vw !important;margin-right : 2.375%;padding-bottom : 9vw !important;padding-left : 4vw !important;margin-left : 2.375%;}.fusion-flex-container .fusion-row .fusion-builder-column-0 > .fusion-column-inner-bg { margin-right:2.375%;margin-left:2.375%; }}<\/style><\/div><\/div><style type=\"text\/css\">.fusion-body .fusion-flex-container.fusion-builder-row-1{ padding-top : 5vw;margin-top : 0px;padding-right : 0px;padding-bottom : 5vw;margin-bottom : 0px;padding-left : 0px;}<\/style><\/div>\n","protected":false},"excerpt":{"rendered":"","protected":false},"author":1,"featured_media":2816,"parent":0,"menu_order":0,"comment_status":"closed","ping_status":"closed","template":"100-width.php","meta":{"footnotes":""},"class_list":["post-2813","page","type-page","status-publish","has-post-thumbnail","hentry"],"_links":{"self":[{"href":"https:\/\/sensum.waw.pl\/index.php\/wp-json\/wp\/v2\/pages\/2813","targetHints":{"allow":["GET"]}}],"collection":[{"href":"https:\/\/sensum.waw.pl\/index.php\/wp-json\/wp\/v2\/pages"}],"about":[{"href":"https:\/\/sensum.waw.pl\/index.php\/wp-json\/wp\/v2\/types\/page"}],"author":[{"embeddable":true,"href":"https:\/\/sensum.waw.pl\/index.php\/wp-json\/wp\/v2\/users\/1"}],"replies":[{"embeddable":true,"href":"https:\/\/sensum.waw.pl\/index.php\/wp-json\/wp\/v2\/comments?post=2813"}],"version-history":[{"count":4,"href":"https:\/\/sensum.waw.pl\/index.php\/wp-json\/wp\/v2\/pages\/2813\/revisions"}],"predecessor-version":[{"id":2818,"href":"https:\/\/sensum.waw.pl\/index.php\/wp-json\/wp\/v2\/pages\/2813\/revisions\/2818"}],"wp:featuredmedia":[{"embeddable":true,"href":"https:\/\/sensum.waw.pl\/index.php\/wp-json\/wp\/v2\/media\/2816"}],"wp:attachment":[{"href":"https:\/\/sensum.waw.pl\/index.php\/wp-json\/wp\/v2\/media?parent=2813"}],"curies":[{"name":"wp","href":"https:\/\/api.w.org\/{rel}","templated":true}]}}