{"id":2802,"date":"2024-04-05T12:12:03","date_gmt":"2024-04-05T10:12:03","guid":{"rendered":"https:\/\/sensum.waw.pl\/?page_id=2802"},"modified":"2024-04-05T14:48:20","modified_gmt":"2024-04-05T12:48:20","slug":"satysfakcjonujce-relacje-twoj-wybor-twoje-szczcie","status":"publish","type":"page","link":"https:\/\/sensum.waw.pl\/index.php\/satysfakcjonujce-relacje-twoj-wybor-twoje-szczcie\/","title":{"rendered":"\u201eSatysfakcjonuj\u0105ce relacje: Tw\u00f3j wyb\u00f3r, Twoje szcz\u0119\u015bcie\u201d"},"content":{"rendered":"<p><div class=\"fusion-fullwidth fullwidth-box fusion-builder-row-1 fusion-flex-container nonhundred-percent-fullwidth non-hundred-percent-height-scrolling\" style=\"background-color: rgba(255,255,255,0);background-position: center center;background-repeat: no-repeat;border-width: 0px 0px 0px 0px;border-color:#e2e2e2;border-style:solid;\" ><div class=\"fusion-builder-row fusion-row fusion-flex-align-items-stretch\" style=\"max-width:1365px;margin-left: calc(-5% \/ 2 );margin-right: calc(-5% \/ 2 );\"><div class=\"fusion-layout-column fusion_builder_column fusion-builder-column-0 fusion_builder_column_1_1 1_1 fusion-flex-column fusion-flex-align-self-flex-start fusion-column-inner-bg-wrapper fusion-animated\" data-animationType=\"fadeInUp\" data-animationDuration=\"1.0\" data-animationOffset=\"top-into-view\"><div class=\"fusion-column-wrapper fusion-flex-justify-content-center fusion-content-layout-column\" style=\"border-radius:6px 6px 6px 6px;overflow:hidden;padding: 4vw 4vw 6vw 4vw;\"><style type=\"text\/css\">@media only screen and (max-width:1177px) {.fusion-title.fusion-title-1{margin-top:10px!important; margin-right:0px!important;margin-bottom:15px!important;margin-left:0px!important;}}@media only screen and (max-width:700px) {.fusion-title.fusion-title-1{margin-top:10px!important; margin-right:0px!important;margin-bottom:10px!important; margin-left:0px!important;}}<\/style><div class=\"fusion-title title fusion-title-1 fusion-sep-none fusion-title-center fusion-title-text fusion-title-size-two\" style=\"margin-top:10px;margin-right:0px;margin-bottom:15px;margin-left:0px;\"><h2 class=\"title-heading-center\" style=\"margin:0;color:#3d3d3d;\"><\/h2><\/div><style type=\"text\/css\">#accordion-2802-1 .fusion-panel:hover, #accordion-2802-1 .fusion-panel.hover{ background-color: #f9f9fb } #accordion-2802-1 .fusion-panel { border-color:#e2e2e2; border-width:0px; background-color:#ffffff; }.fusion-accordian  #accordion-2802-1 .panel-title a .fa-fusion-box{ color: #ffffff;}.fusion-accordian  #accordion-2802-1 .panel-title a .fa-fusion-box:before{ font-size: 13px; width: 13px;}.fusion-accordian  #accordion-2802-1 .panel-title a{font-size:28px;}.fusion-accordian  #accordion-2802-1 .fa-fusion-box { background-color: #212934;border-color: #212934;}.fusion-accordian  #accordion-2802-1 .panel-title a:hover, #accordion-2802-1 .fusion-toggle-boxed-mode:hover .panel-title a { color: #012b7f;}.fusion-accordian  #accordion-2802-1 .panel-title .active .fa-fusion-box,.fusion-accordian  #accordion-2802-1 .panel-title a:hover .fa-fusion-box { background-color: #012b7f!important;border-color: #012b7f!important;}<\/style><div class=\"accordian fusion-accordian\"><div class=\"panel-group\" id=\"accordion-2802-1\"><div class=\"fusion-panel panel-default fusion-toggle-no-divider fusion-toggle-boxed-mode\"><div class=\"panel-heading\"><h4 class=\"panel-title toggle\"><a class=\"active\" aria-expanded=\"true\" aria-controls=\"56c94858c74fd29f3\" role=\"button\" data-toggle=\"collapse\" data-parent=\"#accordion-2802-1\" data-target=\"#56c94858c74fd29f3\" href=\"#56c94858c74fd29f3\"><span class=\"fusion-toggle-icon-wrapper\" aria-hidden=\"true\"><i class=\"fa-fusion-box\" aria-hidden=\"true\"><\/i><\/span><span class=\"fusion-toggle-heading\">SATYSFAKCJONUJ\u0104CE RELACJE: TW\u00d3J WYB\u00d3R, TWOJE SZCZ\u0118\u015aCIE!<\/span><\/a><\/h4><\/div><div id=\"56c94858c74fd29f3\" class=\"panel-collapse collapse in\"><div class=\"panel-body toggle-content fusion-clearfix\">\n<div class=\"x11i5rnm xat24cr x1mh8g0r x1vvkbs xtlvy1s\">\n<p>Czujesz, \u017ce utkn\u0119\u0142a\u015b w miejscu w swoich relacjach i pragniesz zmiany?<br \/>Czujesz, \u017ce nadszed\u0142 czas, aby ruszy\u0107 do przodu, uwzgl\u0119dniaj\u0105c swoje w\u0142asne potrzeby?<br \/>Chcesz poczu\u0107 wi\u0119cej lekko\u015bci i przep\u0142ywu w swoich relacjach?<br \/>Rozw\u00f3j osobisty jest dla Ciebie wa\u017cny i chcia\u0142aby\u015b poszerza\u0107 swoj\u0105 samo\u015bwiadomo\u015b\u0107 w obszarze relacji?<\/p>\n<p><em><strong>Je\u015bli tak, to ten warsztat jest w\u0142a\u015bnie dla Ciebie! Zapraszamy Ci\u0119 na wyj\u0105tkowy warsztat rozwojowy dla kobiet!<\/strong><\/em><\/p>\n<p><strong>Co zyskasz?<\/strong><\/p>\n<ul>\n<li>Przez 4 godziny wsp\u00f3lnej pracy b\u0119dziesz mia\u0142a okazj\u0119 przyjrze\u0107 si\u0119 temu co dotychczas by\u0142o dla Ciebie trudne w relacjach, jak wygl\u0105da Twoja sytuacja teraz i jakiej zmiany naprawd\u0119, z serca pragniesz w tym obszarze.<\/li>\n<li>Odkryjesz tajemnice tworzenia jako\u015bciowych i harmonijnych relacji.<\/li>\n<li>Ustalisz jakie jako\u015bci chcesz zaprosi\u0107 do swojego \u017cycia w kontek\u015bcie relacji i jakie kroki chcesz podj\u0105\u0107 w tym kierunku.<\/li>\n<li>W bonusie otrzymasz czas w otoczeniu inspiruj\u0105cych kobiet, gotowych na zmiany:)<\/li>\n<\/ul>\n<p><strong>Dla kogo jest ten warsztat?<\/strong><\/p>\n<ul>\n<li>Dla osoby, kt\u00f3ra czuje, \u017ce utkn\u0119\u0142a w relacji w miejscu.<\/li>\n<li>Dla osoby, kt\u00f3ra potrzebuje zmiany albo wi\u0119kszego zrozumienia sytuacji.<\/li>\n<li>Dla osoby, kt\u00f3ra chce nazwa\u0107 czego dok\u0142adnie jej brakuje w relacji i wyrazi\u0107 swoje potrzeby w tym kontek\u015bcie.<\/li>\n<li>Dla osoby, kt\u00f3ra jest na pocz\u0105tku swojej drogi \u015bwiadomego rozwoju.<\/li>\n<\/ul>\n<p>W tym do\u015bwiadczeniu wspiera\u0107 nas b\u0119d\u0105 mi\u0119dzy innymi karty metaforyczne, kt\u00f3re pomagaj\u0105 poszerzy\u0107 perspektyw\u0119 i znale\u017a\u0107 nowe spojrzenie na znane tematy.<\/p>\n<p><em><strong>Do\u0142\u0105cz do kobiecego kr\u0119gu, gdzie wsparcie, akceptacja i rozw\u00f3j s\u0105 priorytetem!<\/strong><\/em><\/p>\n<p><strong>Prowadzenie:<\/strong><\/p>\n<p>Warsztat poprowadzi <strong>Ksenia Boroszko, certyfikowana coachini mocnych stron<\/strong>, kt\u00f3ra od 6 lat wspiera kobiety w ich osobistym rozwoju, zwi\u0119kszaniu samo\u015bwiadomo\u015bci oraz pracy z krytykiem wewn\u0119trznym i talentami. W czasie warsztat\u00f3w Ksenia zawsze dba o przyjazn\u0105 i pe\u0142n\u0105 akceptacji atmosfer\u0119.<\/p>\n<p><em><strong>Czekamy na Ciebie! Do zobaczenia na warsztacie!<\/strong><\/em><\/p>\n<\/div>\n<p><strong>Termin:<\/strong> 18 maja 2024 r. w godzinach 10:00 &#8211; 14:00.<\/p>\n<p><strong>Cena:<\/strong> 250 z\u0142<\/p>\n<p><strong>Je\u015bli chcesz zapisa\u0107 si\u0119 na warsztat prosimy o kontakt: tel.: 506 666 777, email: gabinet@pomoc-psycholog.pl<\/strong><\/p>\n<\/div><\/div><\/div><\/div><\/div><\/div><span class=\"fusion-column-inner-bg hover-type-zoomin\" style=\"overflow:hidden;border-radius:6px 6px 6px 6px;;\"><span class=\"fusion-column-anchor\"><span class=\"fusion-column-inner-bg-image\" style=\"background-color:rgba(216,216,216,0.1);background-position:left top;background-repeat:no-repeat;-webkit-background-size:cover;-moz-background-size:cover;-o-background-size:cover;background-size:cover;border-radius:6px 6px 6px 6px;\"><\/span><\/span><\/span><style type=\"text\/css\">.fusion-body .fusion-builder-column-0{width:100% !important;margin-top : 0px;margin-bottom : 0px;}.fusion-builder-column-0 > .fusion-column-wrapper {padding-top : 4vw !important;padding-right : 4vw !important;margin-right : 2.375%;padding-bottom : 6vw !important;padding-left : 4vw !important;margin-left : 2.375%;}.fusion-flex-container .fusion-row .fusion-builder-column-0 > .fusion-column-inner-bg { margin-right:2.375%;margin-left:2.375%; }@media only screen and (max-width:1177px) {.fusion-body .fusion-builder-column-0{width:50% !important;order : 0;}.fusion-builder-column-0 > .fusion-column-wrapper {margin-right : 4.75%;margin-left : 4.75%;}.fusion-flex-container .fusion-row .fusion-builder-column-0 > .fusion-column-inner-bg { margin-right:4.75%;margin-left:4.75%; }}@media only screen and (max-width:700px) {.fusion-body .fusion-builder-column-0{width:100% !important;order : 0;margin-bottom : 6vw;}.fusion-builder-column-0 > .fusion-column-wrapper {padding-top : 9vw !important;padding-right : 4vw !important;margin-right : 2.375%;padding-bottom : 9vw !important;padding-left : 4vw !important;margin-left : 2.375%;}.fusion-flex-container .fusion-row .fusion-builder-column-0 > .fusion-column-inner-bg { margin-right:2.375%;margin-left:2.375%; }}<\/style><\/div><\/div><style type=\"text\/css\">.fusion-body .fusion-flex-container.fusion-builder-row-1{ padding-top : 5vw;margin-top : 0px;padding-right : 0px;padding-bottom : 5vw;margin-bottom : 0px;padding-left : 0px;}<\/style><\/div><div class=\"fusion-fullwidth fullwidth-box fusion-builder-row-2 fusion-flex-container hundred-percent-fullwidth non-hundred-percent-height-scrolling\" style=\"background-color: rgba(255,255,255,0);background-position: center center;background-repeat: no-repeat;border-width: 0px 0px 0px 0px;border-color:#e8efef;border-style:solid;\" ><div class=\"fusion-builder-row fusion-row fusion-flex-align-items-stretch\" style=\"width:calc( 100% + 0px ) !important;max-width:calc( 100% + 0px ) !important;margin-left: calc(-0px \/ 2 );margin-right: calc(-0px \/ 2 );\"><div class=\"fusion-layout-column fusion_builder_column fusion-builder-column-1 fusion_builder_column_1_2 1_2 fusion-flex-column\"><div class=\"fusion-column-wrapper lazyload fusion-flex-justify-content-flex-start fusion-content-layout-column fusion-empty-column-bg-image fusion-empty-dims-bg-image\" style=\"background-position:center center;background-repeat:no-repeat;-webkit-background-size:cover;-moz-background-size:cover;-o-background-size:cover;background-size:cover;padding: 0px 0px 0px 0px;\" data-bg-url=\"https:\/\/sensum.waw.pl\/new\/wp-content\/uploads\/2021\/10\/image_6483441-800x589.jpg\" data-bg=\"https:\/\/sensum.waw.pl\/new\/wp-content\/uploads\/2021\/10\/image_6483441-800x589.jpg\"><img decoding=\"async\" class=\"fusion-empty-dims-img-placeholder fusion-no-large-visibility fusion-no-medium-visibility\" src=\"data:image\/gif;base64,R0lGODlhAQABAAAAACH5BAEKAAEALAAAAAABAAEAAAICTAEAOw==\"><\/div><style type=\"text\/css\">.fusion-body .fusion-builder-column-1{width:50% !important;margin-top : 0px;margin-bottom : 0px;}.fusion-builder-column-1 > .fusion-column-wrapper {padding-top : 0px !important;padding-right : 0px !important;margin-right : 0;padding-bottom : 0px !important;padding-left : 0px !important;margin-left : 0;}@media only screen and (max-width:1177px) {.fusion-body .fusion-builder-column-1{width:50% !important;order : 0;}.fusion-builder-column-1 > .fusion-column-wrapper {margin-right : 0;margin-left : 0;}}@media only screen and (min-width:1177px) {.fusion-body .fusion-builder-column-1 .fusion-empty-dims-img-placeholder { display: none; } }@media only screen and (max-width:700px) {.fusion-body .fusion-builder-column-1{width:100% !important;order : 0;}.fusion-builder-column-1 > .fusion-column-wrapper {margin-right : 0;margin-left : 0;}}<\/style><\/div><\/div><style type=\"text\/css\">.fusion-body .fusion-flex-container.fusion-builder-row-2{ padding-top : 0px;margin-top : 0px;padding-right : 0px;padding-bottom : 0px;margin-bottom : 0px;padding-left : 0px;}<\/style><\/div><\/p>\n","protected":false},"excerpt":{"rendered":"","protected":false},"author":1,"featured_media":2805,"parent":0,"menu_order":0,"comment_status":"closed","ping_status":"closed","template":"100-width.php","meta":{"footnotes":""},"class_list":["post-2802","page","type-page","status-publish","has-post-thumbnail","hentry"],"_links":{"self":[{"href":"https:\/\/sensum.waw.pl\/index.php\/wp-json\/wp\/v2\/pages\/2802","targetHints":{"allow":["GET"]}}],"collection":[{"href":"https:\/\/sensum.waw.pl\/index.php\/wp-json\/wp\/v2\/pages"}],"about":[{"href":"https:\/\/sensum.waw.pl\/index.php\/wp-json\/wp\/v2\/types\/page"}],"author":[{"embeddable":true,"href":"https:\/\/sensum.waw.pl\/index.php\/wp-json\/wp\/v2\/users\/1"}],"replies":[{"embeddable":true,"href":"https:\/\/sensum.waw.pl\/index.php\/wp-json\/wp\/v2\/comments?post=2802"}],"version-history":[{"count":12,"href":"https:\/\/sensum.waw.pl\/index.php\/wp-json\/wp\/v2\/pages\/2802\/revisions"}],"predecessor-version":[{"id":2831,"href":"https:\/\/sensum.waw.pl\/index.php\/wp-json\/wp\/v2\/pages\/2802\/revisions\/2831"}],"wp:featuredmedia":[{"embeddable":true,"href":"https:\/\/sensum.waw.pl\/index.php\/wp-json\/wp\/v2\/media\/2805"}],"wp:attachment":[{"href":"https:\/\/sensum.waw.pl\/index.php\/wp-json\/wp\/v2\/media?parent=2802"}],"curies":[{"name":"wp","href":"https:\/\/api.w.org\/{rel}","templated":true}]}}