{"id":2668,"date":"2023-06-01T09:53:23","date_gmt":"2023-06-01T07:53:23","guid":{"rendered":"https:\/\/sensum.waw.pl\/?page_id=2668"},"modified":"2026-01-20T12:46:25","modified_gmt":"2026-01-20T11:46:25","slug":"paulina-guz","status":"publish","type":"page","link":"https:\/\/sensum.waw.pl\/index.php\/zespol\/paulina-guz\/","title":{"rendered":"Paulina Guz"},"content":{"rendered":"<div class=\"fusion-fullwidth fullwidth-box fusion-builder-row-1 fusion-flex-container nonhundred-percent-fullwidth non-hundred-percent-height-scrolling fusion-animated\" style=\"background-color: rgba(255,255,255,0);background-position: center center;background-repeat: no-repeat;border-width: 0px 0px 0px 0px;border-color:#e2e2e2;border-style:solid;\" data-animationType=\"fadeInUp\" data-animationDuration=\"1.2\" data-animationOffset=\"top-into-view\" ><div class=\"fusion-builder-row fusion-row fusion-flex-align-items-flex-start\" style=\"max-width:1365px;margin-left: calc(-5% \/ 2 );margin-right: calc(-5% \/ 2 );\"><div class=\"fusion-layout-column fusion_builder_column fusion-builder-column-0 fusion_builder_column_1_1 1_1 fusion-flex-column\"><div class=\"fusion-column-wrapper fusion-flex-justify-content-flex-start fusion-content-layout-column\" style=\"background-position:left top;background-blend-mode: overlay;background-repeat:no-repeat;-webkit-background-size:cover;-moz-background-size:cover;-o-background-size:cover;background-size:cover;padding: 10px 0px 0px 0px;\"><div class=\"fusion-text fusion-text-1\"><p>Pracuje w lokalizacji: <strong>Warszawa-Bielany, Warszawa-Rado\u015b\u0107.<\/strong><\/p>\n<p><strong>Z wykszta\u0142cenia jestem psychologiem i filologiem angielskim. Uko\u0144czy\u0142am czteroletnie szkolenie psychoterapeutyczne w certyfikowanej Szkole Psychoterapii INTRA. Obecnie jestem w procesie certyfikacji.<\/strong><\/p>\n<p>Bycie na \u015bcie\u017cce ci\u0105g\u0142ego rozwoju sprawia mi ogromn\u0105 przyjemno\u015b\u0107 oraz umo\u017cliwia aktualizowanie wiedzy i kompetencji terapeutycznych .W gabinecie integruj\u0119 r\u00f3\u017cne podej\u015bcia, przy czym osi\u0105 mojej pracy jest nurt humanistyczno-do\u015bwiadczeniowy. Wa\u017cne jest dla mnie, aby m\u00f3j spos\u00f3b pracy dopasowa\u0107 do potrzeb klienta. Dodatkowo bliskie mi jest my\u015blenie kliniczne, kt\u00f3rego nauczy\u0142am si\u0119 pracuj\u0105c na Oddziale Chor\u00f3b Afektywnych F7 w Instytucie Psychiatrii i Neurologii w Warszawie. Moja praca w szpitalu opiera\u0142a si\u0119 przede wszystkim na pomocy psychologicznej pacjentom i diagnostyce. Regularnie wsp\u00f3\u0142pracuj\u0119 z psychiatrami.<\/p>\n<p>Pracuj\u0119 pod sta\u0142\u0105 superwizj\u0105.<\/p>\n<p><strong>Nasze spotkania mog\u0105 odbywa\u0107 si\u0119 r\u00f3wnie\u017c w j\u0119zyku angielskim.<\/strong><\/p>\n<p>Zapraszam Ci\u0119 na spotkanie, w trakcie kt\u00f3rego razem wyruszymy w wybranym przez Ciebie kierunku. Proces zmiany, cho\u0107 bywa trudny i bolesny, to szansa na lepsze poznanie i zrozumienie siebie. Swoj\u0105 aktywn\u0105 obecno\u015bci\u0105 postaram si\u0119 zapewni\u0107 Ci poczucie bezpiecze\u0144stwa w gabinecie. Niezale\u017cnie od tego czy zmagasz si\u0119 z objawami depresji, l\u0119ku, stresu, doskwiera Ci niezrozumia\u0142y b\u00f3l emocjonalny czy po prostu chcesz lepiej siebie pozna\u0107, mo\u017cesz liczy\u0107 na moj\u0105 bezwarunkow\u0105 akceptacj\u0119.<\/p>\n<\/div><\/div><style type=\"text\/css\">.fusion-body .fusion-builder-column-0{width:100% !important;margin-top : 0px;margin-bottom : 0px;}.fusion-builder-column-0 > .fusion-column-wrapper {padding-top : 10px !important;padding-right : 0px !important;margin-right : 1.9%;padding-bottom : 0px !important;padding-left : 0px !important;margin-left : 1.9%;}@media only screen and (max-width:1177px) {.fusion-body .fusion-builder-column-0{width:100% !important;}.fusion-builder-column-0 > .fusion-column-wrapper {margin-right : 1.9%;margin-left : 1.9%;}}@media only screen and (max-width:700px) {.fusion-body .fusion-builder-column-0{width:100% !important;}.fusion-builder-column-0 > .fusion-column-wrapper {margin-right : 2.375%;margin-left : 2.375%;}}<\/style><\/div><\/div><style type=\"text\/css\">.fusion-body .fusion-flex-container.fusion-builder-row-1{ padding-top : 2vw;margin-top : 0px;padding-right : 0px;padding-bottom : 7vw;margin-bottom : 0px;padding-left : 0px;}@media only screen and (max-width:700px) {.fusion-body .fusion-flex-container.fusion-builder-row-1{ padding-top : 0px;padding-right : 12vw;padding-bottom : 12vw;padding-left : 12vw;}}<\/style><\/div>\n","protected":false},"excerpt":{"rendered":"","protected":false},"author":1,"featured_media":2671,"parent":2095,"menu_order":0,"comment_status":"closed","ping_status":"closed","template":"100-width.php","meta":{"footnotes":""},"class_list":["post-2668","page","type-page","status-publish","has-post-thumbnail","hentry"],"_links":{"self":[{"href":"https:\/\/sensum.waw.pl\/index.php\/wp-json\/wp\/v2\/pages\/2668","targetHints":{"allow":["GET"]}}],"collection":[{"href":"https:\/\/sensum.waw.pl\/index.php\/wp-json\/wp\/v2\/pages"}],"about":[{"href":"https:\/\/sensum.waw.pl\/index.php\/wp-json\/wp\/v2\/types\/page"}],"author":[{"embeddable":true,"href":"https:\/\/sensum.waw.pl\/index.php\/wp-json\/wp\/v2\/users\/1"}],"replies":[{"embeddable":true,"href":"https:\/\/sensum.waw.pl\/index.php\/wp-json\/wp\/v2\/comments?post=2668"}],"version-history":[{"count":13,"href":"https:\/\/sensum.waw.pl\/index.php\/wp-json\/wp\/v2\/pages\/2668\/revisions"}],"predecessor-version":[{"id":3153,"href":"https:\/\/sensum.waw.pl\/index.php\/wp-json\/wp\/v2\/pages\/2668\/revisions\/3153"}],"up":[{"embeddable":true,"href":"https:\/\/sensum.waw.pl\/index.php\/wp-json\/wp\/v2\/pages\/2095"}],"wp:featuredmedia":[{"embeddable":true,"href":"https:\/\/sensum.waw.pl\/index.php\/wp-json\/wp\/v2\/media\/2671"}],"wp:attachment":[{"href":"https:\/\/sensum.waw.pl\/index.php\/wp-json\/wp\/v2\/media?parent=2668"}],"curies":[{"name":"wp","href":"https:\/\/api.w.org\/{rel}","templated":true}]}}