{"id":2524,"date":"2022-10-10T15:37:13","date_gmt":"2022-10-10T13:37:13","guid":{"rendered":"http:\/\/sensum.waw.pl\/?page_id=2524"},"modified":"2026-01-20T12:34:52","modified_gmt":"2026-01-20T11:34:52","slug":"aleksandra-okonska","status":"publish","type":"page","link":"https:\/\/sensum.waw.pl\/index.php\/zespol\/aleksandra-okonska\/","title":{"rendered":"Aleksandra Peczsz-Oko\u0144ska"},"content":{"rendered":"<div class=\"fusion-fullwidth fullwidth-box fusion-builder-row-1 fusion-flex-container nonhundred-percent-fullwidth non-hundred-percent-height-scrolling fusion-animated\" style=\"background-color: rgba(255,255,255,0);background-position: center center;background-repeat: no-repeat;border-width: 0px 0px 0px 0px;border-color:#e2e2e2;border-style:solid;\" data-animationType=\"fadeInUp\" data-animationDuration=\"1.2\" data-animationOffset=\"top-into-view\" ><div class=\"fusion-builder-row fusion-row fusion-flex-align-items-flex-start\" style=\"max-width:1365px;margin-left: calc(-5% \/ 2 );margin-right: calc(-5% \/ 2 );\"><div class=\"fusion-layout-column fusion_builder_column fusion-builder-column-0 fusion_builder_column_1_1 1_1 fusion-flex-column\"><div class=\"fusion-column-wrapper fusion-flex-justify-content-flex-start fusion-content-layout-column\" style=\"background-position:left top;background-blend-mode: overlay;background-repeat:no-repeat;-webkit-background-size:cover;-moz-background-size:cover;-o-background-size:cover;background-size:cover;padding: 10px 0px 0px 0px;\"><div class=\"fusion-text fusion-text-1\"><p>Pracuje w lokalizacji: <strong>Warszawa-Centrum; Warszawa-Bielany.<\/strong><\/p>\n<p><strong>Pracuj\u0119 z pacjentami integruj\u0105c r\u00f3\u017cne nurty psychoterapeutyczne, z kt\u00f3rych najbli\u017csze jest mi podej\u015bcie humanistyczno-do\u015bwiadczeniowe. <\/strong><\/p>\n<p>Obecnie jestem w szkoleniu w Szkole Psychoterapii Integratywnej w Warszawie.<\/p>\n<p>Uko\u0144czy\u0142am r\u00f3wnie\u017c Dwuletnie Studium Psychoterapii Metod\u0105 Psychologii Procesu w Instytucie Psychologii Procesu, a tak\u017ce kurs Psychologii Pozytywnej na University of Pensylvania i kurs terapii traumy.<\/p>\n<p>Jestem rekomendowanym cz\u0142onkiem Polskiego Towarzystwa Psychoterapii Integratywnej. Swoj\u0105 prac\u0119 poddaj\u0119 regularnej superwizji.<\/p>\n<p>Posiadam do\u015bwiadczenie w pracy zwi\u0105zanej ze wsparciem os\u00f3b doros\u0142ych w kryzysach psychicznych (depresja i l\u0119ki, problemy w relacjach, choroba, utrata bliskiej osoby, brak motywacji, d\u0142ugotrwale obni\u017cony nastr\u00f3j, utrata pracy, do\u015bwiadczenie traumy i in.). Do\u015bwiadczenie zawodowe zdoby\u0142am w Szpitalu Psychiatrycznym na oddziale dziennym rehabilitacyjnym w Warszawie przy ulicy Maria\u0144skiej. Mam r\u00f3wnie\u017c do\u015bwiadczenie w pracy warsztatowej z u\u017cyciem technik \u00a0teatralnych i pracy z cia\u0142em.<\/p>\n<p>Prowadz\u0119 sesje w j\u0119zyku polskim i angielskim.<\/p>\n<\/div><\/div><style type=\"text\/css\">.fusion-body .fusion-builder-column-0{width:100% !important;margin-top : 0px;margin-bottom : 0px;}.fusion-builder-column-0 > .fusion-column-wrapper {padding-top : 10px !important;padding-right : 0px !important;margin-right : 1.9%;padding-bottom : 0px !important;padding-left : 0px !important;margin-left : 1.9%;}@media only screen and (max-width:1177px) {.fusion-body .fusion-builder-column-0{width:100% !important;}.fusion-builder-column-0 > .fusion-column-wrapper {margin-right : 1.9%;margin-left : 1.9%;}}@media only screen and (max-width:700px) {.fusion-body .fusion-builder-column-0{width:100% !important;}.fusion-builder-column-0 > .fusion-column-wrapper {margin-right : 2.375%;margin-left : 2.375%;}}<\/style><\/div><\/div><style type=\"text\/css\">.fusion-body .fusion-flex-container.fusion-builder-row-1{ padding-top : 2vw;margin-top : 0px;padding-right : 0px;padding-bottom : 7vw;margin-bottom : 0px;padding-left : 0px;}@media only screen and (max-width:700px) {.fusion-body .fusion-flex-container.fusion-builder-row-1{ padding-top : 0px;padding-right : 12vw;padding-bottom : 12vw;padding-left : 12vw;}}<\/style><\/div>\n","protected":false},"excerpt":{"rendered":"","protected":false},"author":1,"featured_media":3025,"parent":2095,"menu_order":0,"comment_status":"closed","ping_status":"closed","template":"100-width.php","meta":{"footnotes":""},"class_list":["post-2524","page","type-page","status-publish","has-post-thumbnail","hentry"],"_links":{"self":[{"href":"https:\/\/sensum.waw.pl\/index.php\/wp-json\/wp\/v2\/pages\/2524","targetHints":{"allow":["GET"]}}],"collection":[{"href":"https:\/\/sensum.waw.pl\/index.php\/wp-json\/wp\/v2\/pages"}],"about":[{"href":"https:\/\/sensum.waw.pl\/index.php\/wp-json\/wp\/v2\/types\/page"}],"author":[{"embeddable":true,"href":"https:\/\/sensum.waw.pl\/index.php\/wp-json\/wp\/v2\/users\/1"}],"replies":[{"embeddable":true,"href":"https:\/\/sensum.waw.pl\/index.php\/wp-json\/wp\/v2\/comments?post=2524"}],"version-history":[{"count":4,"href":"https:\/\/sensum.waw.pl\/index.php\/wp-json\/wp\/v2\/pages\/2524\/revisions"}],"predecessor-version":[{"id":3136,"href":"https:\/\/sensum.waw.pl\/index.php\/wp-json\/wp\/v2\/pages\/2524\/revisions\/3136"}],"up":[{"embeddable":true,"href":"https:\/\/sensum.waw.pl\/index.php\/wp-json\/wp\/v2\/pages\/2095"}],"wp:featuredmedia":[{"embeddable":true,"href":"https:\/\/sensum.waw.pl\/index.php\/wp-json\/wp\/v2\/media\/3025"}],"wp:attachment":[{"href":"https:\/\/sensum.waw.pl\/index.php\/wp-json\/wp\/v2\/media?parent=2524"}],"curies":[{"name":"wp","href":"https:\/\/api.w.org\/{rel}","templated":true}]}}