{"id":2464,"date":"2022-07-15T14:29:06","date_gmt":"2022-07-15T12:29:06","guid":{"rendered":"http:\/\/sensum.waw.pl\/?page_id=2464"},"modified":"2026-01-14T11:47:40","modified_gmt":"2026-01-14T10:47:40","slug":"grupa-wsparcia-chad","status":"publish","type":"page","link":"https:\/\/sensum.waw.pl\/index.php\/grupa-wsparcia-chad\/","title":{"rendered":"Grupa psychoedukacyjna dla rodzin i bliskich os\u00f3b choruj\u0105cych na ChAD"},"content":{"rendered":"<p><div class=\"fusion-fullwidth fullwidth-box fusion-builder-row-1 fusion-flex-container nonhundred-percent-fullwidth non-hundred-percent-height-scrolling fusion-animated\" style=\"background-color: rgba(255,255,255,0);background-position: center center;background-repeat: no-repeat;border-width: 0px 0px 0px 0px;border-color:#e2e2e2;border-style:solid;\" data-animationType=\"fadeInUp\" data-animationDuration=\"1.2\" data-animationOffset=\"top-into-view\" ><div class=\"fusion-builder-row fusion-row fusion-flex-align-items-flex-start\" style=\"max-width:1365px;margin-left: calc(-5% \/ 2 );margin-right: calc(-5% \/ 2 );\"><div class=\"fusion-layout-column fusion_builder_column fusion-builder-column-0 fusion_builder_column_1_1 1_1 fusion-flex-column\"><div class=\"fusion-column-wrapper fusion-flex-justify-content-flex-start fusion-content-layout-column\" style=\"background-position:left top;background-blend-mode: overlay;background-repeat:no-repeat;-webkit-background-size:cover;-moz-background-size:cover;-o-background-size:cover;background-size:cover;padding: 0px 0px 0px 0px;\"><style type=\"text\/css\">@media only screen and (max-width:1177px) {.fusion-title.fusion-title-1{margin-top:10px!important; margin-right:0px!important;margin-bottom:15px!important;margin-left:0px!important;}}@media only screen and (max-width:700px) {.fusion-title.fusion-title-1{margin-top:10px!important; margin-right:0px!important;margin-bottom:10px!important; margin-left:0px!important;}}<\/style><div class=\"fusion-title title fusion-title-1 fusion-sep-none fusion-title-text fusion-title-size-two\" style=\"margin-top:10px;margin-right:0px;margin-bottom:15px;margin-left:0px;\"><h2 class=\"title-heading-left\" style=\"margin:0;line-height:1.3em;\"><p style=\"text-align: center;\"><strong>Grupa psychoedukacyjna dla rodzin i bliskich os\u00f3b choruj\u0105cych na ChAD (Choroba Afektywna Dwubiegunowa).<\/strong><\/p><\/h2><\/div><\/div><style type=\"text\/css\">.fusion-body .fusion-builder-column-0{width:100% !important;margin-top : 0px;margin-bottom : 0px;}.fusion-builder-column-0 > .fusion-column-wrapper {padding-top : 0px !important;padding-right : 0px !important;margin-right : 1.9%;padding-bottom : 0px !important;padding-left : 0px !important;margin-left : 2.375%;}@media only screen and (max-width:1177px) {.fusion-body .fusion-builder-column-0{width:100% !important;}.fusion-builder-column-0 > .fusion-column-wrapper {margin-right : 1.9%;margin-left : 2.375%;}}@media only screen and (max-width:700px) {.fusion-body .fusion-builder-column-0{width:100% !important;}.fusion-builder-column-0 > .fusion-column-wrapper {margin-right : 2.375%;margin-left : 2.375%;}}<\/style><\/div><div class=\"fusion-layout-column fusion_builder_column fusion-builder-column-1 fusion_builder_column_1_1 1_1 fusion-flex-column\"><div class=\"fusion-column-wrapper fusion-flex-justify-content-flex-start fusion-content-layout-column\" style=\"background-position:left top;background-blend-mode: overlay;background-repeat:no-repeat;-webkit-background-size:cover;-moz-background-size:cover;-o-background-size:cover;background-size:cover;padding: 10px 0px 0px 0px;\"><div class=\"fusion-text fusion-text-1\"><p><strong>Start grupy 5 lutego 2026 r.<\/strong><\/p>\n<ul>\n<li><strong>Kiedy<\/strong>: 2 razy w miesi\u0105cu w czwartki od 18.00 do 20.00<\/li>\n<li><strong>Czas trwania:<\/strong> od 5.02.2026 do 25.06.2026<\/li>\n<li><strong>Terminy spotka\u0144:<\/strong>\n<ul>\n<li>luty 2026: <b>5<\/b>;<\/li>\n<li>marzec 2026: <b>5 i 19;<\/b><\/li>\n<li>kwiecie\u0144 2026: <b>9 i 23;<\/b><\/li>\n<li>maj 2026: <strong>7 i 21;<\/strong><\/li>\n<li>czerwiec 2026: <strong>11 i 25.<\/strong><\/li>\n<\/ul>\n<\/li>\n<li><strong>Koszt<\/strong>: 220 z\u0142 (za 1 spotkanie od osoby); 400 z\u0142 (za 1 spotkanie od pary\/2 os. z rodziny);<\/li>\n<li><strong>Miejsce<\/strong>: ul. Or\u0142owskiego 45\/2, Warszawa-Wawer;<\/li>\n<li><strong>Grupa<\/strong>: max 10 os\u00f3b. Grupa jest otwarta, wi\u0119c w ka\u017cdej chwili mo\u017cna do\u0142\u0105czy\u0107.<\/li>\n<\/ul>\n<p><span style=\"background-color: rgba(255, 255, 255, 0);\">Choroba Afektywna Dwubiegunowa (ChAD) to powa\u017cne zaburzenie nastroju, kt\u00f3re potrafi w spos\u00f3b destrukcyjny wp\u0142ywa\u0107 na wiele obszar\u00f3w \u017cycia nie tylko osoby chorej, ale te\u017c najbli\u017cszego jej otoczenia. Rozumiem, \u017ce do\u015bwiadczenie zmiennych stan\u00f3w i emocji os\u00f3b chorych na ChAD mo\u017ce by\u0107 trudnym do zniesienia do\u015bwiadczeniem, w kt\u00f3rym z jednej strony chce si\u0119 towarzyszy\u0107 choremu, ale z drugiej bardzo cz\u0119sto samemu potrzebuje si\u0119 wsparcia. Zw\u0142aszcza tego emocjonalnego.<\/span><\/p>\n<p>I w\u0142a\u015bnie takie wsparcie chcia\u0142abym zaoferowa\u0107 w trakcie pracy w tej grupie, podczas kt\u00f3rej b\u0119dzie mo\u017cna podzieli\u0107 si\u0119 swoimi emocjami, trudno\u015bciami, bez oceny i przy pe\u0142nej otwarto\u015bci pozosta\u0142ych. Na naszych spotkaniach stworz\u0119 bezpieczne warunki do podzielenia si\u0119 osobistymi historiami, trudno\u015bciami i uczuciami dotycz\u0105cymi wspierania os\u00f3b bliskich choruj\u0105cych na ChAD.<\/p>\n<p>Nazywam si\u0119 Paulina Guz, jestem psycholo\u017ck\u0105 i psychoterapeutk\u0105. Przez wiele lat pracowa\u0142am na oddziale psychiatrycznym, gdzie obserwowa\u0142am jak wa\u017cne jest wsparcie nie tylko dla os\u00f3b chorych na ChAD, ale tak\u017ce dla ich rodzin. To bardzo wa\u017cne, aby nie tylko chory zosta\u0142 otoczony opiek\u0105, ale r\u00f3wnie\u017c, \u017ceby jego najbli\u017csze otoczenie rozumia\u0142o t\u0119 chorob\u0119 i mog\u0142o otrzyma\u0107 adekwatne wsparcie w towarzyszeniu bliskiej osobie. To w\u0142a\u015bnie podczas pracy na oddziale narodzi\u0142 si\u0119 m\u00f3j pomys\u0142 stworzenia tej grupy, na kt\u00f3r\u0105 serdecznie zapraszam.<\/p>\n<p>Zapisy:<\/p>\n<p>tel. <a href=\"tel:506666777\">506-666-777<\/a> (pon.-pt. w godz. 9-17) lub mailem: <a href=\"mailto:gabinet@pomoc-psycholog.pl\">gabinet@pomoc-psycholog.pl<\/a><\/p>\n<\/div><div class=\"fusion-text fusion-text-2\"><\/div><\/div><style type=\"text\/css\">.fusion-body .fusion-builder-column-1{width:100% !important;margin-top : 0px;margin-bottom : 0px;}.fusion-builder-column-1 > .fusion-column-wrapper {padding-top : 10px !important;padding-right : 0px !important;margin-right : 1.9%;padding-bottom : 0px !important;padding-left : 0px !important;margin-left : 1.9%;}@media only screen and (max-width:1177px) {.fusion-body .fusion-builder-column-1{width:100% !important;}.fusion-builder-column-1 > .fusion-column-wrapper {margin-right : 1.9%;margin-left : 1.9%;}}@media only screen and (max-width:700px) {.fusion-body .fusion-builder-column-1{width:100% !important;}.fusion-builder-column-1 > .fusion-column-wrapper {margin-right : 2.375%;margin-left : 2.375%;}}<\/style><\/div><\/div><style type=\"text\/css\">.fusion-body .fusion-flex-container.fusion-builder-row-1{ padding-top : 2vw;margin-top : 0px;padding-right : 0px;padding-bottom : 7vw;margin-bottom : 0px;padding-left : 0px;}@media only screen and (max-width:700px) {.fusion-body .fusion-flex-container.fusion-builder-row-1{ padding-top : 0px;padding-right : 12vw;padding-bottom : 12vw;padding-left : 12vw;}}<\/style><\/div><div class=\"fusion-fullwidth fullwidth-box fusion-builder-row-2 fusion-flex-container nonhundred-percent-fullwidth non-hundred-percent-height-scrolling fusion-animated\" style=\"background-color: rgba(255,255,255,0);background-position: center center;background-repeat: no-repeat;border-width: 0px 0px 0px 0px;border-color:#e2e2e2;border-style:solid;\" data-animationType=\"fadeInUp\" data-animationDuration=\"1.2\" data-animationOffset=\"top-into-view\" ><div class=\"fusion-builder-row fusion-row fusion-flex-align-items-flex-start\" style=\"max-width:1365px;margin-left: calc(-5% \/ 2 );margin-right: calc(-5% \/ 2 );\"><\/div><style type=\"text\/css\">.fusion-body .fusion-flex-container.fusion-builder-row-2{ padding-top : 2vw;margin-top : 0px;padding-right : 0px;padding-bottom : 7vw;margin-bottom : 0px;padding-left : 0px;}@media only screen and (max-width:700px) {.fusion-body .fusion-flex-container.fusion-builder-row-2{ padding-top : 0px;padding-right : 12vw;padding-bottom : 12vw;padding-left : 12vw;}}<\/style><\/div><div class=\"fusion-fullwidth fullwidth-box fusion-builder-row-3 fusion-flex-container nonhundred-percent-fullwidth non-hundred-percent-height-scrolling fusion-animated\" style=\"background-color: rgba(255,255,255,0);background-position: center center;background-repeat: no-repeat;border-width: 0px 0px 0px 0px;border-color:#e2e2e2;border-style:solid;\" data-animationType=\"fadeInUp\" data-animationDuration=\"1.2\" data-animationOffset=\"top-into-view\" ><div class=\"fusion-builder-row fusion-row fusion-flex-align-items-flex-start\" style=\"max-width:1365px;margin-left: calc(-5% \/ 2 );margin-right: calc(-5% \/ 2 );\"><div class=\"fusion-layout-column fusion_builder_column fusion-builder-column-2 fusion_builder_column_1_1 1_1 fusion-flex-column\"><div class=\"fusion-column-wrapper fusion-flex-justify-content-flex-start fusion-content-layout-column\" style=\"background-position:left top;background-blend-mode: overlay;background-repeat:no-repeat;-webkit-background-size:cover;-moz-background-size:cover;-o-background-size:cover;background-size:cover;padding: 0px 0px 0px 0px;\"><div ><span class=\" fusion-imageframe imageframe-none imageframe-1 hover-type-none\"><img decoding=\"async\" width=\"1810\" height=\"2560\" title=\"ULOTKA grupa wsparcia ChaD_Paulina Guz_01-06.2026\" src=\"https:\/\/sensum.waw.pl\/wp-content\/uploads\/2025\/09\/ULOTKA-grupa-wsparcia-ChaD_Paulina-Guz_01-06.2026-scaled.png\" data-orig-src=\"https:\/\/sensum.waw.pl\/wp-content\/uploads\/2025\/09\/ULOTKA-grupa-wsparcia-ChaD_Paulina-Guz_01-06.2026-scaled.png\" alt class=\"lazyload img-responsive wp-image-2980\" srcset=\"data:image\/svg+xml,%3Csvg%20xmlns%3D%27http%3A%2F%2Fwww.w3.org%2F2000%2Fsvg%27%20width%3D%271810%27%20height%3D%272560%27%20viewBox%3D%270%200%201810%202560%27%3E%3Crect%20width%3D%271810%27%20height%3D%272560%27%20fill-opacity%3D%220%22%2F%3E%3C%2Fsvg%3E\" data-srcset=\"https:\/\/sensum.waw.pl\/wp-content\/uploads\/2025\/09\/ULOTKA-grupa-wsparcia-ChaD_Paulina-Guz_01-06.2026-200x283.png 200w, https:\/\/sensum.waw.pl\/wp-content\/uploads\/2025\/09\/ULOTKA-grupa-wsparcia-ChaD_Paulina-Guz_01-06.2026-400x566.png 400w, https:\/\/sensum.waw.pl\/wp-content\/uploads\/2025\/09\/ULOTKA-grupa-wsparcia-ChaD_Paulina-Guz_01-06.2026-600x849.png 600w, https:\/\/sensum.waw.pl\/wp-content\/uploads\/2025\/09\/ULOTKA-grupa-wsparcia-ChaD_Paulina-Guz_01-06.2026-800x1132.png 800w, https:\/\/sensum.waw.pl\/wp-content\/uploads\/2025\/09\/ULOTKA-grupa-wsparcia-ChaD_Paulina-Guz_01-06.2026-1200x1697.png 1200w, https:\/\/sensum.waw.pl\/wp-content\/uploads\/2025\/09\/ULOTKA-grupa-wsparcia-ChaD_Paulina-Guz_01-06.2026-scaled.png 1810w\" data-sizes=\"auto\" data-orig-sizes=\"(max-width: 700px) 100vw, 1810px\" \/><\/span><\/div><\/div><style type=\"text\/css\">.fusion-body .fusion-builder-column-2{width:100% !important;margin-top : 0px;margin-bottom : 0px;}.fusion-builder-column-2 > .fusion-column-wrapper {padding-top : 0px !important;padding-right : 0px !important;margin-right : 1.9%;padding-bottom : 0px !important;padding-left : 0px !important;margin-left : 2.375%;}@media only screen and (max-width:1177px) {.fusion-body .fusion-builder-column-2{width:100% !important;}.fusion-builder-column-2 > .fusion-column-wrapper {margin-right : 1.9%;margin-left : 2.375%;}}@media only screen and (max-width:700px) {.fusion-body .fusion-builder-column-2{width:100% !important;}.fusion-builder-column-2 > .fusion-column-wrapper {margin-right : 2.375%;margin-left : 2.375%;}}<\/style><\/div><div class=\"fusion-layout-column fusion_builder_column fusion-builder-column-3 fusion_builder_column_1_1 1_1 fusion-flex-column\"><div class=\"fusion-column-wrapper fusion-flex-justify-content-flex-start fusion-content-layout-column\" style=\"background-position:left top;background-blend-mode: overlay;background-repeat:no-repeat;-webkit-background-size:cover;-moz-background-size:cover;-o-background-size:cover;background-size:cover;padding: 10px 0px 0px 0px;\"><\/div><style type=\"text\/css\">.fusion-body .fusion-builder-column-3{width:100% !important;margin-top : 0px;margin-bottom : 0px;}.fusion-builder-column-3 > .fusion-column-wrapper {padding-top : 10px !important;padding-right : 0px !important;margin-right : 1.9%;padding-bottom : 0px !important;padding-left : 0px !important;margin-left : 1.9%;}@media only screen and (max-width:1177px) {.fusion-body .fusion-builder-column-3{width:100% !important;}.fusion-builder-column-3 > .fusion-column-wrapper {margin-right : 1.9%;margin-left : 1.9%;}}@media only screen and (max-width:700px) {.fusion-body .fusion-builder-column-3{width:100% !important;}.fusion-builder-column-3 > .fusion-column-wrapper {margin-right : 2.375%;margin-left : 2.375%;}}<\/style><\/div><\/div><style type=\"text\/css\">.fusion-body .fusion-flex-container.fusion-builder-row-3{ padding-top : 2vw;margin-top : 0px;padding-right : 0px;padding-bottom : 7vw;margin-bottom : 0px;padding-left : 0px;}@media only screen and (max-width:700px) {.fusion-body .fusion-flex-container.fusion-builder-row-3{ padding-top : 0px;padding-right : 12vw;padding-bottom : 12vw;padding-left : 12vw;}}<\/style><\/div><div class=\"fusion-fullwidth fullwidth-box fusion-builder-row-4 fusion-flex-container fusion-parallax-fixed nonhundred-percent-fullwidth non-hundred-percent-height-scrolling lazyload\" style=\"background-color: rgba(255,255,255,0);background-image:linear-gradient(90deg, rgba(1,43,127,0.46) 0%,rgba(255,255,255,0) 78%);background-position: center top;background-repeat: no-repeat;border-width: 0px 0px 0px 0px;border-color:#e2e2e2;border-style:solid;-webkit-background-size:cover;-moz-background-size:cover;-o-background-size:cover;background-size:cover;background-attachment:fixed;\" data-bg=\"https:\/\/sensum.waw.pl\/wp-content\/uploads\/2021\/10\/sensum-psychoterapia-scaled.jpg\" data-bg-gradient=\"linear-gradient(90deg, rgba(1,43,127,0.46) 0%,rgba(255,255,255,0) 78%)\" ><div class=\"fusion-builder-row fusion-row fusion-flex-align-items-center\" style=\"max-width:1365px;margin-left: calc(-5% \/ 2 );margin-right: calc(-5% \/ 2 );\"><div class=\"fusion-layout-column fusion_builder_column fusion-builder-column-4 fusion_builder_column_1_1 1_1 fusion-flex-column fusion-animated\" data-animationType=\"fadeInLeft\" data-animationDuration=\"1.0\" data-animationOffset=\"top-into-view\"><div class=\"fusion-column-wrapper fusion-flex-justify-content-center fusion-content-layout-column\" style=\"background-position:left top;background-repeat:no-repeat;-webkit-background-size:cover;-moz-background-size:cover;-o-background-size:cover;background-size:cover;padding: 0px 0px 0px 0px;\"><style type=\"text\/css\">@media only screen and (max-width:1177px) {.fusion-title.fusion-title-2{margin-top:10px!important; margin-right:0px!important;margin-bottom:1.5vw!important;margin-left:0px!important;}}@media only screen and (max-width:700px) {.fusion-title.fusion-title-2{margin-top:10px!important; margin-right:0px!important;margin-bottom:40px!important; margin-left:0px!important;}}<\/style><div class=\"fusion-title title fusion-title-2 fusion-no-small-visibility fusion-no-medium-visibility fusion-sep-none fusion-title-text fusion-title-size-two\" style=\"font-size:62px;margin-top:10px;margin-right:0px;margin-bottom:1.5vw;margin-left:0px;\"><h2 class=\"title-heading-left\" style=\"margin:0;font-size:1em;color:#ffffff;line-height:1.2;\"><\/h2><\/div><style type=\"text\/css\">@media only screen and (max-width:1177px) {.fusion-title.fusion-title-3{margin-top:10px!important; margin-right:0px!important;margin-bottom:1.5vw!important;margin-left:0px!important;}}@media only screen and (max-width:700px) {.fusion-title.fusion-title-3{margin-top:10px!important; margin-right:0px!important;margin-bottom:40px!important; margin-left:0px!important;}}<\/style><div class=\"fusion-title title fusion-title-3 fusion-no-large-visibility fusion-sep-none fusion-title-text fusion-title-size-two\" style=\"font-size:42px;margin-top:10px;margin-right:0px;margin-bottom:1.5vw;margin-left:0px;\"><h2 class=\"title-heading-left\" style=\"margin:0;font-size:1em;color:#ffffff;line-height:1.2;\">\u201cOur wounds are often the openings into the best and most beautiful part of us.\u201d<\/h2><\/div><div class=\"fusion-text fusion-text-3\" style=\"font-size:21px;color:#ffffff;\"><p style=\"width: 75%; text-align: left;\">Zapisy: <a href=\"tel:+48506666777\">+48 506 666 777<\/a><\/p>\n<p style=\"width: 75%; text-align: left;\">Poniedzia\u0142ek-pi\u0105tek w godz. 9-17<\/p>\n<\/div><\/div><style type=\"text\/css\">.fusion-body .fusion-builder-column-4{width:100% !important;margin-top : 0px;margin-bottom : 0px;}.fusion-builder-column-4 > .fusion-column-wrapper {padding-top : 0px !important;padding-right : 0px !important;margin-right : 2.375%;padding-bottom : 0px !important;padding-left : 0px !important;margin-left : 2.375%;}@media only screen and (max-width:1177px) {.fusion-body .fusion-builder-column-4{width:100% !important;}.fusion-builder-column-4 > .fusion-column-wrapper {margin-right : 2.375%;margin-left : 2.375%;}}@media only screen and (max-width:700px) {.fusion-body .fusion-builder-column-4{width:100% !important;}.fusion-builder-column-4 > .fusion-column-wrapper {margin-right : 2.375%;margin-left : 2.375%;}}<\/style><\/div><\/div><style type=\"text\/css\">.fusion-body .fusion-flex-container.fusion-builder-row-4{ padding-top : 8vw;margin-top : 0px;padding-right : 0px;padding-bottom : 8vw;margin-bottom : 0px;padding-left : 0px;}@media only screen and (max-width:700px) {.fusion-body .fusion-flex-container.fusion-builder-row-4{ padding-top : 12vw;padding-bottom : 12vw;}}<\/style><\/div><\/p>\n","protected":false},"excerpt":{"rendered":"","protected":false},"author":1,"featured_media":2911,"parent":0,"menu_order":0,"comment_status":"closed","ping_status":"closed","template":"100-width.php","meta":{"footnotes":""},"class_list":["post-2464","page","type-page","status-publish","has-post-thumbnail","hentry"],"_links":{"self":[{"href":"https:\/\/sensum.waw.pl\/index.php\/wp-json\/wp\/v2\/pages\/2464","targetHints":{"allow":["GET"]}}],"collection":[{"href":"https:\/\/sensum.waw.pl\/index.php\/wp-json\/wp\/v2\/pages"}],"about":[{"href":"https:\/\/sensum.waw.pl\/index.php\/wp-json\/wp\/v2\/types\/page"}],"author":[{"embeddable":true,"href":"https:\/\/sensum.waw.pl\/index.php\/wp-json\/wp\/v2\/users\/1"}],"replies":[{"embeddable":true,"href":"https:\/\/sensum.waw.pl\/index.php\/wp-json\/wp\/v2\/comments?post=2464"}],"version-history":[{"count":48,"href":"https:\/\/sensum.waw.pl\/index.php\/wp-json\/wp\/v2\/pages\/2464\/revisions"}],"predecessor-version":[{"id":3120,"href":"https:\/\/sensum.waw.pl\/index.php\/wp-json\/wp\/v2\/pages\/2464\/revisions\/3120"}],"wp:featuredmedia":[{"embeddable":true,"href":"https:\/\/sensum.waw.pl\/index.php\/wp-json\/wp\/v2\/media\/2911"}],"wp:attachment":[{"href":"https:\/\/sensum.waw.pl\/index.php\/wp-json\/wp\/v2\/media?parent=2464"}],"curies":[{"name":"wp","href":"https:\/\/api.w.org\/{rel}","templated":true}]}}