{"id":2403,"date":"2022-01-25T09:42:34","date_gmt":"2022-01-25T08:42:34","guid":{"rendered":"http:\/\/sensum.waw.pl\/?page_id=2403"},"modified":"2026-01-20T12:44:53","modified_gmt":"2026-01-20T11:44:53","slug":"marzena-witkowska","status":"publish","type":"page","link":"https:\/\/sensum.waw.pl\/index.php\/zespol\/marzena-witkowska\/","title":{"rendered":"Marzena Witkowska"},"content":{"rendered":"<div class=\"fusion-fullwidth fullwidth-box fusion-builder-row-1 fusion-flex-container nonhundred-percent-fullwidth non-hundred-percent-height-scrolling fusion-animated\" style=\"background-color: rgba(255,255,255,0);background-position: center center;background-repeat: no-repeat;border-width: 0px 0px 0px 0px;border-color:#e2e2e2;border-style:solid;\" data-animationType=\"fadeInUp\" data-animationDuration=\"1.2\" data-animationOffset=\"top-into-view\" ><div class=\"fusion-builder-row fusion-row fusion-flex-align-items-flex-start\" style=\"max-width:1365px;margin-left: calc(-5% \/ 2 );margin-right: calc(-5% \/ 2 );\"><div class=\"fusion-layout-column fusion_builder_column fusion-builder-column-0 fusion_builder_column_1_1 1_1 fusion-flex-column\"><div class=\"fusion-column-wrapper fusion-flex-justify-content-flex-start fusion-content-layout-column\" style=\"background-position:left top;background-blend-mode: overlay;background-repeat:no-repeat;-webkit-background-size:cover;-moz-background-size:cover;-o-background-size:cover;background-size:cover;padding: 10px 0px 0px 0px;\"><div class=\"fusion-text fusion-text-1\"><p>Pracuje w lokalizacji: <strong>Warszawa-Rado\u015b\u0107.<\/strong><\/p>\n<p><strong>Jestem certyfikowan\u0105 psychoterapeutk\u0105 psychoanalityczn\u0105 Polskiego Towarzystwa Psychoterapii Psychoanalitycznej (PTPP), cz\u0142onkiem PTPP, w tym cz\u0142onkiem sekcji terapii par i rodzin<\/strong>. Pracuje z m\u0142odzie\u017c\u0105, osobami doros\u0142ymi, z kobietami w ci\u0105\u017cy oraz parami spodziewaj\u0105cymi si\u0119 dziecka, parami i rodzinami do\u015bwiadczaj\u0105cymi trudno\u015bci w relacjach.<\/p>\n<p>Uko\u0144czy\u0142am psychologi\u0119 na UMCS w Lublinie. Jestem specjalistk\u0105 I stopnia z psychologii klinicznej. Kszta\u0142ci\u0142am si\u0119 w psychoterapii w oparciu o r\u00f3\u017cne podej\u015bcia teoretyczne. Ostatecznie wybra\u0142am psychoterapi\u0119 psychoanalityczn\u0105, jako teoretyczn\u0105 podstaw\u0119 i metod\u0119 pracy. Do\u015bwiadczenie zawodowe zdobywa\u0142am na sta\u017cach specjalizacyjnych na oddzia\u0142ach psychiatrycznych, neurologicznych, dzieci\u0119co-m\u0142odzie\u017cowych i w PZP, podczas 15 lat pracy w Oddziale Dziennym II Kliniki Psychiatrycznej Instytutu Psychiatrii i Neurologii z osobami cierpi\u0105cymi na psychozy, choroby afektywne i zaburzenia osobowo\u015bci, pracuj\u0105c w Ambulatorium Psychoanalitycznym przy Instytucie Psychoanalizy i Psychoterapii, poradni Propsyche, w Specjalistycznej Poradni Polskiego Towarzystwa Psychoterapii Psychoanalitycznej, w tym jako jej kierownik i od 20 lat we w\u0142asnym gabinecie.<\/p>\n<p>Psychoterapii w podej\u015bciu psychoanalitycznym uczy\u0142am si\u0119 w Instytucie Psychoanalizy i Psychoterapii, w Polskim Towarzystwie Psychoanalitycznym i w Polskim Towarzystwie Psychoterapii Psychoanalitycznej. Prac\u0119 kliniczn\u0105 superwizuj\u0119 u psychoanalityk\u00f3w i psychoterapeut\u00f3w psychoanalitycznych w kraju i za granic\u0105. Bior\u0119 udzia\u0142 w szkoleniu podyplomowym w PTPP: w kole\u017ce\u0144skich seminariach zwi\u0105zanych z teoriami psychoanalitycznymi, w konferencjach krajowych i zagranicznych, wyk\u0142adach i cyklicznych seminariach klinicznych z wybitnymi psychoanalitykami. Bior\u0119 udzia\u0142 w szkoleniu z zakresu psychoanalitycznej terapii par i rodzin pod kierunkiem Mary Morgan i Stanleya Ruszczy\u0144skiego z Tavistock Clinic i Portman Clinic w Londynie. Kszta\u0142c\u0119 si\u0119 tak\u017ce w dziedzinie Analizy Wi\u0119zi Prenatalnej pod kierunkiem niemieckiej psychoanalityczki Helgi Blazy.<\/p>\n<\/div><\/div><style type=\"text\/css\">.fusion-body .fusion-builder-column-0{width:100% !important;margin-top : 0px;margin-bottom : 0px;}.fusion-builder-column-0 > .fusion-column-wrapper {padding-top : 10px !important;padding-right : 0px !important;margin-right : 1.9%;padding-bottom : 0px !important;padding-left : 0px !important;margin-left : 1.9%;}@media only screen and (max-width:1177px) {.fusion-body .fusion-builder-column-0{width:100% !important;}.fusion-builder-column-0 > .fusion-column-wrapper {margin-right : 1.9%;margin-left : 1.9%;}}@media only screen and (max-width:700px) {.fusion-body .fusion-builder-column-0{width:100% !important;}.fusion-builder-column-0 > .fusion-column-wrapper {margin-right : 2.375%;margin-left : 2.375%;}}<\/style><\/div><\/div><style type=\"text\/css\">.fusion-body .fusion-flex-container.fusion-builder-row-1{ padding-top : 2vw;margin-top : 0px;padding-right : 0px;padding-bottom : 7vw;margin-bottom : 0px;padding-left : 0px;}@media only screen and (max-width:700px) {.fusion-body .fusion-flex-container.fusion-builder-row-1{ padding-top : 0px;padding-right : 12vw;padding-bottom : 12vw;padding-left : 12vw;}}<\/style><\/div>\n","protected":false},"excerpt":{"rendered":"","protected":false},"author":1,"featured_media":2537,"parent":2095,"menu_order":0,"comment_status":"closed","ping_status":"closed","template":"100-width.php","meta":{"footnotes":""},"class_list":["post-2403","page","type-page","status-publish","has-post-thumbnail","hentry"],"_links":{"self":[{"href":"https:\/\/sensum.waw.pl\/index.php\/wp-json\/wp\/v2\/pages\/2403","targetHints":{"allow":["GET"]}}],"collection":[{"href":"https:\/\/sensum.waw.pl\/index.php\/wp-json\/wp\/v2\/pages"}],"about":[{"href":"https:\/\/sensum.waw.pl\/index.php\/wp-json\/wp\/v2\/types\/page"}],"author":[{"embeddable":true,"href":"https:\/\/sensum.waw.pl\/index.php\/wp-json\/wp\/v2\/users\/1"}],"replies":[{"embeddable":true,"href":"https:\/\/sensum.waw.pl\/index.php\/wp-json\/wp\/v2\/comments?post=2403"}],"version-history":[{"count":4,"href":"https:\/\/sensum.waw.pl\/index.php\/wp-json\/wp\/v2\/pages\/2403\/revisions"}],"predecessor-version":[{"id":3150,"href":"https:\/\/sensum.waw.pl\/index.php\/wp-json\/wp\/v2\/pages\/2403\/revisions\/3150"}],"up":[{"embeddable":true,"href":"https:\/\/sensum.waw.pl\/index.php\/wp-json\/wp\/v2\/pages\/2095"}],"wp:featuredmedia":[{"embeddable":true,"href":"https:\/\/sensum.waw.pl\/index.php\/wp-json\/wp\/v2\/media\/2537"}],"wp:attachment":[{"href":"https:\/\/sensum.waw.pl\/index.php\/wp-json\/wp\/v2\/media?parent=2403"}],"curies":[{"name":"wp","href":"https:\/\/api.w.org\/{rel}","templated":true}]}}