{"id":2391,"date":"2022-01-25T09:12:46","date_gmt":"2022-01-25T08:12:46","guid":{"rendered":"http:\/\/sensum.waw.pl\/?page_id=2391"},"modified":"2026-01-20T12:42:37","modified_gmt":"2026-01-20T11:42:37","slug":"joanna-basaj","status":"publish","type":"page","link":"https:\/\/sensum.waw.pl\/index.php\/zespol\/joanna-basaj\/","title":{"rendered":"Joanna Basaj"},"content":{"rendered":"<div class=\"fusion-fullwidth fullwidth-box fusion-builder-row-1 fusion-flex-container nonhundred-percent-fullwidth non-hundred-percent-height-scrolling fusion-animated\" style=\"background-color: rgba(255,255,255,0);background-position: center center;background-repeat: no-repeat;border-width: 0px 0px 0px 0px;border-color:#e2e2e2;border-style:solid;\" data-animationType=\"fadeInUp\" data-animationDuration=\"1.2\" data-animationOffset=\"top-into-view\" ><div class=\"fusion-builder-row fusion-row fusion-flex-align-items-flex-start\" style=\"max-width:1365px;margin-left: calc(-5% \/ 2 );margin-right: calc(-5% \/ 2 );\"><div class=\"fusion-layout-column fusion_builder_column fusion-builder-column-0 fusion_builder_column_1_1 1_1 fusion-flex-column\"><div class=\"fusion-column-wrapper fusion-flex-justify-content-flex-start fusion-content-layout-column\" style=\"background-position:left top;background-blend-mode: overlay;background-repeat:no-repeat;-webkit-background-size:cover;-moz-background-size:cover;-o-background-size:cover;background-size:cover;padding: 10px 0px 0px 0px;\"><div class=\"fusion-text fusion-text-1\"><p>Pracuje w lokalizacji: <strong>Warszawa-Centrum.<\/strong><\/p>\n<p><strong>Jestem absolwentk\u0105 Uniwersytetu Warszawskiego, psychoterapeutk\u0105 pracuj\u0105c\u0105 w nurcie psychodynamicznym\u00a0 i systemowym.<\/strong><\/p>\n<p>Uko\u0144czy\u0142am prowadzone przez Stowarzyszenie OPTA czteroletnie Studium Terapii Rodziny przygotowuj\u0105ce do pracy terapeutycznej z pacjentem indywidualnym, rodzinami i parami. Uko\u0144czy\u0142am Studia Podyplomowe \u201eWspomaganie dzieci z problemami rozwojowymi\u201d na Uniwersytecie Warszawskim oraz Studia Podyplomowe \u201dPomoc dziecku i rodzinie\u201d w Wy\u017cszej Szkole Pedagogiki Specjalnej. Kliniczne do\u015bwiadczenie zawodowe zdobywa\u0142am w Mazowieckim Centrum Neuropsychiatrii w Zag\u00f3rzu na oddziale leczenia nerwic.<\/p>\n<p>Pracuj\u0119 indywidualnie z doros\u0142ymi osobami w kryzysie, z m\u0142odzie\u017c\u0105 powy\u017cej 15 roku \u017cycia, m\u0142odymi doros\u0142ymi, prowadz\u0119 indywidualne treningi umiej\u0119tno\u015bci rodzicielskich oraz konsultacje z rodzicami w sprawie ich dzieci.<\/p>\n<p>Jestem interwentem kryzysowym (mam do\u015bwiadczenie pracy jako interwent kryzysowy miasta sto\u0142ecznego Warszawy). Psychoterapi\u0119 rozumiem jako proces wewn\u0119trznej zmiany,\u00a0 prowadz\u0105cy ku komfortowi i lepszej jako\u015bci \u017cycia. W swojej pracy przestrzegam kodeksu etyki psychoterapeuty. Swoja prac\u0119 poddaje systematycznej superwizji u certyfikowanych superwizor\u00f3w.<\/p>\n<\/div><\/div><style type=\"text\/css\">.fusion-body .fusion-builder-column-0{width:100% !important;margin-top : 0px;margin-bottom : 0px;}.fusion-builder-column-0 > .fusion-column-wrapper {padding-top : 10px !important;padding-right : 0px !important;margin-right : 1.9%;padding-bottom : 0px !important;padding-left : 0px !important;margin-left : 1.9%;}@media only screen and (max-width:1177px) {.fusion-body .fusion-builder-column-0{width:100% !important;}.fusion-builder-column-0 > .fusion-column-wrapper {margin-right : 1.9%;margin-left : 1.9%;}}@media only screen and (max-width:700px) {.fusion-body .fusion-builder-column-0{width:100% !important;}.fusion-builder-column-0 > .fusion-column-wrapper {margin-right : 2.375%;margin-left : 2.375%;}}<\/style><\/div><\/div><style type=\"text\/css\">.fusion-body .fusion-flex-container.fusion-builder-row-1{ padding-top : 2vw;margin-top : 0px;padding-right : 0px;padding-bottom : 7vw;margin-bottom : 0px;padding-left : 0px;}@media only screen and (max-width:700px) {.fusion-body .fusion-flex-container.fusion-builder-row-1{ padding-top : 0px;padding-right : 12vw;padding-bottom : 12vw;padding-left : 12vw;}}<\/style><\/div>\n","protected":false},"excerpt":{"rendered":"","protected":false},"author":1,"featured_media":2217,"parent":2095,"menu_order":0,"comment_status":"closed","ping_status":"closed","template":"100-width.php","meta":{"footnotes":""},"class_list":["post-2391","page","type-page","status-publish","has-post-thumbnail","hentry"],"_links":{"self":[{"href":"https:\/\/sensum.waw.pl\/index.php\/wp-json\/wp\/v2\/pages\/2391","targetHints":{"allow":["GET"]}}],"collection":[{"href":"https:\/\/sensum.waw.pl\/index.php\/wp-json\/wp\/v2\/pages"}],"about":[{"href":"https:\/\/sensum.waw.pl\/index.php\/wp-json\/wp\/v2\/types\/page"}],"author":[{"embeddable":true,"href":"https:\/\/sensum.waw.pl\/index.php\/wp-json\/wp\/v2\/users\/1"}],"replies":[{"embeddable":true,"href":"https:\/\/sensum.waw.pl\/index.php\/wp-json\/wp\/v2\/comments?post=2391"}],"version-history":[{"count":6,"href":"https:\/\/sensum.waw.pl\/index.php\/wp-json\/wp\/v2\/pages\/2391\/revisions"}],"predecessor-version":[{"id":3145,"href":"https:\/\/sensum.waw.pl\/index.php\/wp-json\/wp\/v2\/pages\/2391\/revisions\/3145"}],"up":[{"embeddable":true,"href":"https:\/\/sensum.waw.pl\/index.php\/wp-json\/wp\/v2\/pages\/2095"}],"wp:featuredmedia":[{"embeddable":true,"href":"https:\/\/sensum.waw.pl\/index.php\/wp-json\/wp\/v2\/media\/2217"}],"wp:attachment":[{"href":"https:\/\/sensum.waw.pl\/index.php\/wp-json\/wp\/v2\/media?parent=2391"}],"curies":[{"name":"wp","href":"https:\/\/api.w.org\/{rel}","templated":true}]}}