{"id":2311,"date":"2022-01-19T17:37:58","date_gmt":"2022-01-19T16:37:58","guid":{"rendered":"http:\/\/sensum.waw.pl\/new\/?page_id=2311"},"modified":"2025-05-27T15:48:20","modified_gmt":"2025-05-27T13:48:20","slug":"polityka-prywatnosci","status":"publish","type":"page","link":"https:\/\/sensum.waw.pl\/index.php\/polityka-prywatnosci\/","title":{"rendered":"Regulamin i polityka prywatno\u015bci"},"content":{"rendered":"<div class=\"fusion-fullwidth fullwidth-box fusion-builder-row-1 fusion-flex-container nonhundred-percent-fullwidth non-hundred-percent-height-scrolling fusion-animated\" style=\"background-color: rgba(255,255,255,0);background-position: center center;background-repeat: no-repeat;border-width: 0px 0px 0px 0px;border-color:#e2e2e2;border-style:solid;\" data-animationType=\"fadeInUp\" data-animationDuration=\"1.2\" data-animationOffset=\"top-into-view\" ><div class=\"fusion-builder-row fusion-row fusion-flex-align-items-flex-start\" style=\"max-width:1365px;margin-left: calc(-5% \/ 2 );margin-right: calc(-5% \/ 2 );\"><div class=\"fusion-layout-column fusion_builder_column fusion-builder-column-0 fusion_builder_column_1_1 1_1 fusion-flex-column\"><div class=\"fusion-column-wrapper fusion-flex-justify-content-flex-start fusion-content-layout-column\" style=\"background-position:left top;background-blend-mode: overlay;background-repeat:no-repeat;-webkit-background-size:cover;-moz-background-size:cover;-o-background-size:cover;background-size:cover;padding: 0px 0px 0px 0px;\"><style type=\"text\/css\">@media only screen and (max-width:1177px) {.fusion-title.fusion-title-1{margin-top:10px!important; margin-right:0px!important;margin-bottom:15px!important;margin-left:0px!important;}}@media only screen and (max-width:700px) {.fusion-title.fusion-title-1{margin-top:10px!important; margin-right:0px!important;margin-bottom:10px!important; margin-left:0px!important;}}<\/style><div class=\"fusion-title title fusion-title-1 fusion-sep-none fusion-title-text fusion-title-size-two\" style=\"margin-top:10px;margin-right:0px;margin-bottom:15px;margin-left:0px;\"><h2 class=\"title-heading-left\" style=\"margin:0;line-height:1.3em;\">Polityka prywatno\u015bci<\/h2><\/div><\/div><style type=\"text\/css\">.fusion-body .fusion-builder-column-0{width:100% !important;margin-top : 0px;margin-bottom : 0px;}.fusion-builder-column-0 > .fusion-column-wrapper {padding-top : 0px !important;padding-right : 0px !important;margin-right : 1.9%;padding-bottom : 0px !important;padding-left : 0px !important;margin-left : 2.375%;}@media only screen and (max-width:1177px) {.fusion-body .fusion-builder-column-0{width:100% !important;}.fusion-builder-column-0 > .fusion-column-wrapper {margin-right : 1.9%;margin-left : 2.375%;}}@media only screen and (max-width:700px) {.fusion-body .fusion-builder-column-0{width:100% !important;}.fusion-builder-column-0 > .fusion-column-wrapper {margin-right : 2.375%;margin-left : 2.375%;}}<\/style><\/div><div class=\"fusion-layout-column fusion_builder_column fusion-builder-column-1 fusion_builder_column_1_1 1_1 fusion-flex-column\"><div class=\"fusion-column-wrapper fusion-flex-justify-content-flex-start fusion-content-layout-column\" style=\"background-position:left top;background-blend-mode: overlay;background-repeat:no-repeat;-webkit-background-size:cover;-moz-background-size:cover;-o-background-size:cover;background-size:cover;padding: 10px 0px 0px 0px;\"><div class=\"fusion-text fusion-text-1\"><p><strong>ADMINISTRATOR PA\u0143STWA DANYCH OSOBOWYCH<\/strong><\/p>\n<p>Administratorem Pa\u0144stwa danych osobowych\u00a0 jest SENSUM O\u015aRODEK PSYCHOTERAPII SP\u00d3\u0141KA Z OGRANICZONA ODPOWIEDZIALNO\u015aCI\u0104 w Warszawie (00-089) przy ul. Nieca\u0142a 6\/1<\/p>\n<p><strong>NIP:<\/strong> 525-303-38-60, <strong>REGON:<\/strong> 540840549<\/p>\n<p><strong>\u0179R\u00d3D\u0141O DANYCH<\/strong><\/p>\n<p>Twoje dane osobowe otrzymali\u015bmy od Ciebie, lub z wys\u0142anego przez Ciebie z naszej strony internetowej formularza zg\u0142oszeniowego, kt\u00f3ry wype\u0142ni\u0142e\u015b w zwi\u0105zku ch\u0119ci\u0105 uczestniczenia w realizowanych przez O\u015brodek Sensum us\u0142ugach (warsztatach, treningach, szkoleniach, grupach) oraz wiadomo\u015bci e-mail przes\u0142anych na adres o\u015brodka Sensum.<\/p>\n<p><strong>CEL PRZETWARZANIA TWOICH DANYCH OSOBOWYCH<\/strong><\/p>\n<p>Dane osobowe przetwarzamy w nast\u0119puj\u0105cych celach:<\/p>\n<ol>\n<li>Realizacji us\u0142ugi, na kt\u00f3r\u0105 si\u0119 zapisa\u0142e\u015b, w tym na:<\/li>\n<\/ol>\n<p>1.1.Korespondencj\u0119 dotycz\u0105c\u0105 udzia\u0142u w us\u0142udze<\/p>\n<p>1.2.Przygotowania listy potwierdzaj\u0105cej obecno\u015b\u0107<\/p>\n<p>1.3.Przygotowania za\u015bwiadczenia o udziale w us\u0142udze<\/p>\n<ol start=\"2\">\n<li>Je\u015bli nie wyrazi\u0142e\u015b sprzeciwu to Twoje dane mo\u017cemy przetwarza\u0107 w celu kontaktowania si\u0119 z Tob\u0105 podczas realizacji naszych dzia\u0142a\u0144 marketingowych poprzez dost\u0119pne kana\u0142y komunikacji w szczeg\u00f3lno\u015bci poprzez e-mail<\/li>\n<li>dokonywania rozlicze\u0144 w tym na wystawieniu faktur<\/li>\n<\/ol>\n<p><strong>ODBIORCY DANYCH<\/strong><\/p>\n<p>Twoje dane mo\u017cemy ujawni\u0107 odbiorcom w postaci firm wsp\u00f3\u0142pracuj\u0105cych z nami oraz wykonuj\u0105cych zadania na nasze zlecenie i nasz\u0105 rzecz (np.: firma informatyczna, biuro rachunkowe). W takim przypadku zosta\u0142y zawarte z tymi podmiotami umowy zapewniaj\u0105ce bezpiecze\u0144stwo Twoich danych.<\/p>\n<p><strong>PRZEKAZYWANIE DANYCH DO PA\u0143STWA<\/strong><\/p>\n<p>Nie b\u0119dziemy przekazywa\u0107 Twoich danych osobowych do pa\u0144stwa trzeciego (poza Europejski Obszar Gospodarczy).<\/p>\n<p><strong>WYCOFANIE ZGODY NA PRZETWARZANIE DANYCH OSOBOWYCH<\/strong><\/p>\n<p>Korzystaj\u0105c z naszych us\u0142ug wyra\u017casz zgod\u0119 na przetwarzanie twoich danych osobowych. Zgod\u0119 na przetwarzanie danych osobowych\u00a0 mo\u017cesz wycofa\u0107 w dowolnym momencie poprzez kontakt internetowy i wys\u0142anie maila\u00a0 ma adres:\u00a0gabinet@pomoc-psycholog.pl. Twoje dane b\u0119d\u0105 przetwarzane dop\u00f3ki nie wycofasz zgody.<\/p>\n<p><strong>OBOWI\u0104ZEK LUB BRAK OBOWI\u0104ZKU PODANIA DANYCH OSOBOWYCH<\/strong><\/p>\n<p>Podanie przez Ciebie danych jest wymogiem ustanowionym przez O\u015brodek Sensum jako warunek zawarcia z Tob\u0105 umowy na realizacj\u0119 us\u0142ugi, na kt\u00f3r\u0105 si\u0119 zapisa\u0142e\u015b.<\/p>\n<p>Je\u015bli nie podasz tych danych osobowych wskazanych jako niezb\u0119dne, umowa z Tob\u0105 nie b\u0119dzie mog\u0142a zosta\u0107 zawarta, a w konsekwencji nie b\u0119dziesz m\u00f3g\u0142 zosta\u0107 zapisany na wybran\u0105 us\u0142ug\u0119.<\/p>\n<p>Je\u015bli wymagaj\u0105 tego przepisy prawa, mo\u017cemy wymaga\u0107 od Ciebie podania innych danych niezb\u0119dnych np. ze wzgl\u0119d\u00f3w rachunkowych lub podatkowych. W pozosta\u0142ym zakresie podanie Twoich danych jest dobrowolne.<\/p>\n<p><strong>TWOJE UPRAWNIENIA W ZAKRESIE PRZETWARZANIA DANYCH<\/strong><\/p>\n<p>Zapewniamy, \u017ce mo\u017cesz skorzysta\u0107 z wszystkich swoich praw wynikaj\u0105cych z og\u00f3lnego rozporz\u0105dzenia o ochronie danych, tj. prawo dost\u0119pu, sprostowania oraz usuni\u0119cia Twoich danych, ograniczenia ich przetwarzania, przenoszenia danych, niepodlegania zautomatyzowanemu podejmowaniu decyzji, w tym profilowaniu, a tak\u017ce prawa do wyra\u017cenia sprzeciwu wobec przetwarzania Twoich danych osobowych.<\/p>\n<p><strong>Z uprawnie\u0144 tych mo\u017cesz skorzysta\u0107 w przypadku gdy:<\/strong><\/p>\n<ol>\n<li>w odniesieniu do \u017c\u0105dania sprostowania danych zauwa\u017cysz, \u017ce Twoje dane s\u0105 nieprawid\u0142owe lub niekompletne<\/li>\n<li>w odniesieniu do \u017c\u0105dania usuni\u0119cia Twoich danych &#8211; Twoje dane nie b\u0119d\u0105 ju\u017c niezb\u0119dne do cel\u00f3w, dla kt\u00f3rych zosta\u0142y zebrane przez O\u015brodek Sensum, cofniesz swoj\u0105 zgod\u0119 na przetwarzanie danych, zg\u0142osisz sprzeciw wobec przetwarzania Twoich danych, Twoje dane b\u0119d\u0105 przetwarzanie niezgodnie z prawem, dane powinny by\u0107 usuni\u0119te w celu wywi\u0105zania si\u0119 z obowi\u0105zku wynikaj\u0105cego z przepisu prawa<\/li>\n<li>w odniesieniu do \u017c\u0105dania ograniczenia przetwarzania Twoich danych osobowych: zauwa\u017cysz, \u017ce Twoje dane s\u0105 nieprawid\u0142owe &#8211; mo\u017cesz \u017c\u0105da\u0107 ograniczenia przetwarzania Twoich danych na okres pozwalaj\u0105cy nam sprawdzi\u0107 prawid\u0142owo\u015b\u0107 tych danych; Twoje dane b\u0119d\u0105 przetwarzanie niezgodnie z prawem, ale nie b\u0119dziesz chcia\u0142, aby zosta\u0142y usuni\u0119te; Twoje dane nie b\u0119d\u0105 nam ju\u017c potrzebne, ale mog\u0105 by\u0107 potrzebne Tobie do obrony lub dochodzenia roszcze\u0144 lub wniesiesz sprzeciw wobec przetwarzania danych do czasu ustalenia, czy prawnie uzasadnione podstawy po naszej stronie s\u0105 nadrz\u0119dne wobec podstawy sprzeciwu<\/li>\n<li>w odniesieniu do \u017c\u0105dania przeniesienia danych: przetwarzanie Twoich danych odbywa si\u0119 na podstawie Twojej zgody lub umowy zawartej z Tob\u0105 oraz gdy przetwarzanie to odbywa si\u0119 w spos\u00f3b automatyczny.<\/li>\n<\/ol>\n<p>Masz prawo wnie\u015b\u0107 skarg\u0119 w zwi\u0105zku z przetwarzaniem Twoich danych osobowych przez O\u015brodek Sensum \u00a0do Prezesa Urz\u0119du Ochrony Danych Osobowych (adres: Biuro Prezesa Urz\u0119du Ochrony Danych Osobowych, ul. Stawki 2, 00-193 Warszawa).<\/p>\n<p><strong>PRAWO DO WNIESIENIA SPRZECIWU WOBEC PRZETWARZANIA TWOICH DANYCH<\/strong><\/p>\n<p>Masz prawo wnie\u015b\u0107 sprzeciw wobec przetwarzania Twoich danych osobowych, gdy:<\/p>\n<ol>\n<li>przetwarzanie Twoich danych osobowych odbywa si\u0119 na podstawie prawnie uzasadnionego interesu, lub dla cel\u00f3w statystycznych, a sprzeciw jest uzasadniony przez szczeg\u00f3ln\u0105 sytuacj\u0119, w kt\u00f3rej si\u0119 znalaz\u0142e\u015b\/a\u015b.<\/li>\n<\/ol>\n<p><strong>OKRES PRZECHOWYWANIA DANYCH<\/strong><\/p>\n<p>Przechowujemy Twoje dane osobowe przez czas obowi\u0105zywania umowy zawartej z Tob\u0105, a tak\u017ce\u00a0 po jej zako\u0144czeniu w celach:<\/p>\n<ol>\n<li>dochodzenia roszcze\u0144 w zwi\u0105zku z wykonywaniem umowy<\/li>\n<li>wykonania obowi\u0105zk\u00f3w wynikaj\u0105cych z przepis\u00f3w prawa, w tym w szczeg\u00f3lno\u015bci podatkowych i rachunkowych<\/li>\n<li>zapobiegania nadu\u017cyciom i oszustwom<\/li>\n<li>statystycznych i archiwizacyjnych<\/li>\n<\/ol>\n<p>Przechowujemy Twoje maksymalnie przez okres 20 lat w przypadku us\u0142ug realizowanych w ramach podmiotu leczniczego.<\/p>\n<p>Przechowujemy Twoje dane osobowe dla cel\u00f3w marketingowych przez czas nieokre\u015blony, jednak nie d\u0142u\u017cej ni\u017c do wyra\u017cenia przez Ciebie sprzeciwu lub cofni\u0119cia zgody.<\/p>\n<p>W celu rozliczalno\u015bci przez okres, w kt\u00f3rym O\u015brodek Intra\u00a0 zobowi\u0105zany jest do zachowania danych lub dokument\u00f3w je zawieraj\u0105cych dla udokumentowania spe\u0142nienia wymaga\u0144 prawnych, w celu umo\u017cliwienia kontroli ich spe\u0142nienia przez organy publiczne.<\/p>\n<p><strong>ZAUTOMATYZOWANE PODEJMOWANIE DECYZJI, W TYM PROFILOWANIE DANYCH<\/strong><\/p>\n<p>Twoje dane osobowe nie b\u0119d\u0105 wykorzystane do zautomatyzowanego podejmowania decyzji, w tym na podstawie otrzymanych od Ciebie danych osobowych nie b\u0119dzie dokonywane profilowanie.<\/p>\n<p>W razie w\u0105tpliwo\u015bci co kt\u00f3regokolwiek z zapis\u00f3w niniejszej polityki prywatno\u015bci jeste\u015bmy do dyspozycji &#8211; nasze dane znale\u017a\u0107 mo\u017cna w zak\u0142adce \u2013\u00a0KONTAKT.<\/p>\n<\/div><\/div><style type=\"text\/css\">.fusion-body .fusion-builder-column-1{width:100% !important;margin-top : 0px;margin-bottom : 0px;}.fusion-builder-column-1 > .fusion-column-wrapper {padding-top : 10px !important;padding-right : 0px !important;margin-right : 1.9%;padding-bottom : 0px !important;padding-left : 0px !important;margin-left : 1.9%;}@media only screen and (max-width:1177px) {.fusion-body .fusion-builder-column-1{width:100% !important;}.fusion-builder-column-1 > .fusion-column-wrapper {margin-right : 1.9%;margin-left : 1.9%;}}@media only screen and (max-width:700px) {.fusion-body .fusion-builder-column-1{width:100% !important;}.fusion-builder-column-1 > .fusion-column-wrapper {margin-right : 2.375%;margin-left : 2.375%;}}<\/style><\/div><\/div><style type=\"text\/css\">.fusion-body .fusion-flex-container.fusion-builder-row-1{ padding-top : 2vw;margin-top : 0px;padding-right : 0px;padding-bottom : 7vw;margin-bottom : 0px;padding-left : 0px;}@media only screen and (max-width:700px) {.fusion-body .fusion-flex-container.fusion-builder-row-1{ padding-top : 0px;padding-right : 12vw;padding-bottom : 12vw;padding-left : 12vw;}}<\/style><\/div>\n","protected":false},"excerpt":{"rendered":"","protected":false},"author":1,"featured_media":2312,"parent":0,"menu_order":0,"comment_status":"closed","ping_status":"closed","template":"100-width.php","meta":{"footnotes":""},"class_list":["post-2311","page","type-page","status-publish","has-post-thumbnail","hentry"],"_links":{"self":[{"href":"https:\/\/sensum.waw.pl\/index.php\/wp-json\/wp\/v2\/pages\/2311","targetHints":{"allow":["GET"]}}],"collection":[{"href":"https:\/\/sensum.waw.pl\/index.php\/wp-json\/wp\/v2\/pages"}],"about":[{"href":"https:\/\/sensum.waw.pl\/index.php\/wp-json\/wp\/v2\/types\/page"}],"author":[{"embeddable":true,"href":"https:\/\/sensum.waw.pl\/index.php\/wp-json\/wp\/v2\/users\/1"}],"replies":[{"embeddable":true,"href":"https:\/\/sensum.waw.pl\/index.php\/wp-json\/wp\/v2\/comments?post=2311"}],"version-history":[{"count":4,"href":"https:\/\/sensum.waw.pl\/index.php\/wp-json\/wp\/v2\/pages\/2311\/revisions"}],"predecessor-version":[{"id":2932,"href":"https:\/\/sensum.waw.pl\/index.php\/wp-json\/wp\/v2\/pages\/2311\/revisions\/2932"}],"wp:featuredmedia":[{"embeddable":true,"href":"https:\/\/sensum.waw.pl\/index.php\/wp-json\/wp\/v2\/media\/2312"}],"wp:attachment":[{"href":"https:\/\/sensum.waw.pl\/index.php\/wp-json\/wp\/v2\/media?parent=2311"}],"curies":[{"name":"wp","href":"https:\/\/api.w.org\/{rel}","templated":true}]}}