{"id":2230,"date":"2021-11-29T13:59:13","date_gmt":"2021-11-29T12:59:13","guid":{"rendered":"http:\/\/sensum.waw.pl\/new\/?page_id=2230"},"modified":"2026-01-20T12:45:19","modified_gmt":"2026-01-20T11:45:19","slug":"michal-kulkowski","status":"publish","type":"page","link":"https:\/\/sensum.waw.pl\/index.php\/zespol\/michal-kulkowski\/","title":{"rendered":"Micha\u0142 Kulkowski"},"content":{"rendered":"<div class=\"fusion-fullwidth fullwidth-box fusion-builder-row-1 fusion-flex-container nonhundred-percent-fullwidth non-hundred-percent-height-scrolling fusion-animated\" style=\"background-color: rgba(255,255,255,0);background-position: center center;background-repeat: no-repeat;border-width: 0px 0px 0px 0px;border-color:#e2e2e2;border-style:solid;\" data-animationType=\"fadeInUp\" data-animationDuration=\"1.2\" data-animationOffset=\"top-into-view\" ><div class=\"fusion-builder-row fusion-row fusion-flex-align-items-flex-start\" style=\"max-width:1365px;margin-left: calc(-5% \/ 2 );margin-right: calc(-5% \/ 2 );\"><div class=\"fusion-layout-column fusion_builder_column fusion-builder-column-0 fusion_builder_column_1_1 1_1 fusion-flex-column\"><div class=\"fusion-column-wrapper fusion-flex-justify-content-flex-start fusion-content-layout-column\" style=\"background-position:left top;background-blend-mode: overlay;background-repeat:no-repeat;-webkit-background-size:cover;-moz-background-size:cover;-o-background-size:cover;background-size:cover;padding: 10px 0px 0px 0px;\"><div class=\"fusion-text fusion-text-1\"><p>Pracuje w lokalizacji: <strong>Warszawa-Centrum; Warszawa-Bielany, Warszawa-Rado\u015b\u0107.<\/strong><\/p>\n<p><strong>Jestem certyfikowanym psychoterapeut\u0105 Polskiego Stowarzyszenia Humanistyczno- Do\u015bwiadczeniowego, psychoterapeut\u0105 uzale\u017cnie\u0144 oraz trenerem treningu interpersonalnego i umiej\u0119tno\u015bci psychospo\u0142ecznych. <\/strong><\/p>\n<p>Uko\u0144czy\u0142em Szko\u0142\u0119 Psychoterapii Humanistycznej organizowan\u0105 przez O\u015brodek Pomocy i Edukacji Psychologicznej INTRA, Studium Psychoterapii Uzale\u017cnie\u0144 i Wsp\u00f3\u0142uzale\u017cnienia realizowane przez Instytut Zdrowia PTP oraz Studium Treningu Interpersonalnego w O\u015brodku Pomocy i Edukacji Psychologicznej INTRA.<\/p>\n<p>W O\u015brodku SENSUM prowadz\u0119 terapi\u0119 indywidualn\u0105 os\u00f3b doros\u0142ych. Pracuj\u0119 w podej\u015bciu humanistyczno-do\u015bwiadczeniowym.<\/p>\n<p>Pomagam osobom do\u015bwiadczaj\u0105cym poczucia zagubienia, kryzys\u00f3w egzystencjalnych, trudno\u015bci w relacjach, problem\u00f3w emocjonalnych. Pracuj\u0119 z osobami uzale\u017cnionymi, kt\u00f3re przesz\u0142y ju\u017c leczenie i poszukuj\u0105 dla siebie dalszej pomocy, z osobami cierpi\u0105cymi z powodu nadu\u017cywania substancji, zaniepokojonymi w\u0142asnymi, ryzykownymi (obsesyjnymi) zachowaniami, a tak\u017ce z ich bliskimi. Pomagam tym, kt\u00f3rzy do\u015bwiadczaj\u0105 w swoim \u017cyciu trudno\u015bci z powodu dorastania w rodzinach dotkni\u0119tych uzale\u017cnieniem b\u0105d\u017a przemoc\u0105.<\/p>\n<p>Swoj\u0105 prac\u0119 poddaj\u0119 sta\u0142ej superwizji. Jako psychoterapeuta staram si\u0119 tworzy\u0107 warunki, kt\u00f3re sprzyjaj\u0105 odzyskiwaniu poczucia bezpiecze\u0144stwa, obni\u017ceniu emocjonalnego b\u00f3lu, odkrywaniu samego siebie, w\u0142asnej drogi i odpowiedzi na najwa\u017cniejsze egzystencjalne pytania.<\/p>\n<p>\u201eKiedy zaakceptuj\u0119 siebie takim, jakim jestem, wtedy mog\u0119 si\u0119 zmieni\u0107\u201d \u2013 C.Rogers<\/p>\n<\/div><\/div><style type=\"text\/css\">.fusion-body .fusion-builder-column-0{width:100% !important;margin-top : 0px;margin-bottom : 0px;}.fusion-builder-column-0 > .fusion-column-wrapper {padding-top : 10px !important;padding-right : 0px !important;margin-right : 1.9%;padding-bottom : 0px !important;padding-left : 0px !important;margin-left : 1.9%;}@media only screen and (max-width:1177px) {.fusion-body .fusion-builder-column-0{width:100% !important;}.fusion-builder-column-0 > .fusion-column-wrapper {margin-right : 1.9%;margin-left : 1.9%;}}@media only screen and (max-width:700px) {.fusion-body .fusion-builder-column-0{width:100% !important;}.fusion-builder-column-0 > .fusion-column-wrapper {margin-right : 2.375%;margin-left : 2.375%;}}<\/style><\/div><\/div><style type=\"text\/css\">.fusion-body .fusion-flex-container.fusion-builder-row-1{ padding-top : 2vw;margin-top : 0px;padding-right : 0px;padding-bottom : 7vw;margin-bottom : 0px;padding-left : 0px;}@media only screen and (max-width:700px) {.fusion-body .fusion-flex-container.fusion-builder-row-1{ padding-top : 0px;padding-right : 12vw;padding-bottom : 12vw;padding-left : 12vw;}}<\/style><\/div>\n","protected":false},"excerpt":{"rendered":"","protected":false},"author":1,"featured_media":2259,"parent":2095,"menu_order":0,"comment_status":"closed","ping_status":"closed","template":"100-width.php","meta":{"footnotes":""},"class_list":["post-2230","page","type-page","status-publish","has-post-thumbnail","hentry"],"_links":{"self":[{"href":"https:\/\/sensum.waw.pl\/index.php\/wp-json\/wp\/v2\/pages\/2230","targetHints":{"allow":["GET"]}}],"collection":[{"href":"https:\/\/sensum.waw.pl\/index.php\/wp-json\/wp\/v2\/pages"}],"about":[{"href":"https:\/\/sensum.waw.pl\/index.php\/wp-json\/wp\/v2\/types\/page"}],"author":[{"embeddable":true,"href":"https:\/\/sensum.waw.pl\/index.php\/wp-json\/wp\/v2\/users\/1"}],"replies":[{"embeddable":true,"href":"https:\/\/sensum.waw.pl\/index.php\/wp-json\/wp\/v2\/comments?post=2230"}],"version-history":[{"count":9,"href":"https:\/\/sensum.waw.pl\/index.php\/wp-json\/wp\/v2\/pages\/2230\/revisions"}],"predecessor-version":[{"id":3151,"href":"https:\/\/sensum.waw.pl\/index.php\/wp-json\/wp\/v2\/pages\/2230\/revisions\/3151"}],"up":[{"embeddable":true,"href":"https:\/\/sensum.waw.pl\/index.php\/wp-json\/wp\/v2\/pages\/2095"}],"wp:featuredmedia":[{"embeddable":true,"href":"https:\/\/sensum.waw.pl\/index.php\/wp-json\/wp\/v2\/media\/2259"}],"wp:attachment":[{"href":"https:\/\/sensum.waw.pl\/index.php\/wp-json\/wp\/v2\/media?parent=2230"}],"curies":[{"name":"wp","href":"https:\/\/api.w.org\/{rel}","templated":true}]}}