{"id":2215,"date":"2021-11-29T13:17:40","date_gmt":"2021-11-29T12:17:40","guid":{"rendered":"http:\/\/sensum.waw.pl\/new\/?page_id=2215"},"modified":"2026-01-20T12:40:27","modified_gmt":"2026-01-20T11:40:27","slug":"anna-kubicka","status":"publish","type":"page","link":"https:\/\/sensum.waw.pl\/index.php\/zespol\/anna-kubicka\/","title":{"rendered":"Anna Kubicka"},"content":{"rendered":"<div class=\"fusion-fullwidth fullwidth-box fusion-builder-row-1 fusion-flex-container nonhundred-percent-fullwidth non-hundred-percent-height-scrolling fusion-animated\" style=\"background-color: rgba(255,255,255,0);background-position: center center;background-repeat: no-repeat;border-width: 0px 0px 0px 0px;border-color:#e2e2e2;border-style:solid;\" data-animationType=\"fadeInUp\" data-animationDuration=\"1.2\" data-animationOffset=\"top-into-view\" ><div class=\"fusion-builder-row fusion-row fusion-flex-align-items-flex-start\" style=\"max-width:1365px;margin-left: calc(-5% \/ 2 );margin-right: calc(-5% \/ 2 );\"><div class=\"fusion-layout-column fusion_builder_column fusion-builder-column-0 fusion_builder_column_1_1 1_1 fusion-flex-column\"><div class=\"fusion-column-wrapper fusion-flex-justify-content-flex-start fusion-content-layout-column\" style=\"background-position:left top;background-blend-mode: overlay;background-repeat:no-repeat;-webkit-background-size:cover;-moz-background-size:cover;-o-background-size:cover;background-size:cover;padding: 10px 0px 0px 0px;\"><div class=\"fusion-text fusion-text-1\"><p>Pracuje w lokalizacji: <strong>Warszawa-Centrum.<\/strong><\/p>\n<p><strong>Jestem psychologiem, psychoterapeutk\u0105 pracuj\u0105c\u0105 z osobami doros\u0142ymi i m\u0142odzie\u017c\u0105 oraz interwentem kryzysowy.<\/strong><\/p>\n<p>Uko\u0144czy\u0142am Szko\u0142\u0119 Psychoterapii przy O\u015brodku Pomocy i Edukacji Psychologicznej INTRA oraz Szko\u0142\u0119 Psychoterapii Dzieci i M\u0142odzie\u017cy przy O\u015brodku Regeneracja i Laboratorium Psychoedukacji. Jestem cz\u0142onkiem Polskiego Towarzystwa Psychiatrycznego, Sekcji Naukowej Terapii Rodzin.<\/p>\n<p>Do\u015bwiadczenie zawodowe zdobywa\u0142am w ramach prowadzenia prywatnej praktyki pod superwizj\u0105 superwizor\u00f3w Polskiego Towarzystwa Psychologicznego oraz Polskiego Towarzystwa Psychiatrycznego, pracy interwencyjnej, psychoterapeutycznej i psychoedukacyjnej ze s\u0142u\u017cbami ratowniczymi (m. in. z\u00a0 stra\u017cakami, ratownikami medycznymi), na sta\u017cach w Instytucie Matki i Dziecka, w Zak\u0142adzie Zdrowia Rodziny oraz w Mazowieckim Centrum Neuropsychiatrii na Oddziale Psychiatrycznym dla Dzieci w J\u00f3zefowie. Pracowa\u0142am r\u00f3wnie\u017c z dzie\u0107mi, m\u0142odzie\u017c\u0105 i ich rodzicami w Centrum Rozwoju Twojego Potencja\u0142u TOGO, b\u0119d\u0105cym o\u015brodkiem \u015brodowiskowej opieki psychologicznej i psychoterapeutycznej dla dzieci i m\u0142odzie\u017cy przy Warszawskim Centrum Opieki Medycznej \u201cKopernik\u201d .<\/p>\n<p>W pracy psychoterapeutycznej spotykam si\u0119 z osobami, kt\u00f3re zmagaj\u0105 si\u0119 z kryzysami \u017cyciowymi, trudnymi relacjami nie tylko z bliskimi, maj\u0105cymi problemy w podj\u0119ciu wa\u017cnych dla siebie decyzji, do\u015bwiadczaj\u0105cymi wewn\u0119trznej pustki, uporczywego smutku, l\u0119ku oraz z\u0142o\u015bci. M\u0142odym doros\u0142ym, m\u0142odzie\u017cy i ich rodzicom towarzysz\u0119 w bardzo wa\u017cnym, ale czasami trudnym okresie rozwojowym zar\u00f3wno je\u017celi chodzi o prze\u017cywane emocje, relacje r\u00f3wie\u015bnicze i rodzinne, czy problemy zwi\u0105zane z procesem edukacji.<\/p>\n<p>W zwi\u0105zku z tym, \u017ce przez wiele lat pracowa\u0142am ze s\u0142u\u017cbami ratowniczymi, bliska jest mi problematyka dotycz\u0105ca profilaktyki i pomocy psychologicznej w zakresie radzenia sobie z kryzysami sytuacyjnymi zwi\u0105zanymi ze \u015bmierci\u0105, zagro\u017ceniem \u017cycia, prac\u0105 w du\u017cej ekspozycji na zdarzenia traumatyczne. Jestem wsp\u00f3\u0142autork\u0105 wielu program\u00f3w psychoedukacyjnych z zakresu zarz\u0105dzania stresem, w szczeg\u00f3lno\u015bci stresem traumatycznym.<\/p>\n<\/div><\/div><style type=\"text\/css\">.fusion-body .fusion-builder-column-0{width:100% !important;margin-top : 0px;margin-bottom : 0px;}.fusion-builder-column-0 > .fusion-column-wrapper {padding-top : 10px !important;padding-right : 0px !important;margin-right : 1.9%;padding-bottom : 0px !important;padding-left : 0px !important;margin-left : 1.9%;}@media only screen and (max-width:1177px) {.fusion-body .fusion-builder-column-0{width:100% !important;}.fusion-builder-column-0 > .fusion-column-wrapper {margin-right : 1.9%;margin-left : 1.9%;}}@media only screen and (max-width:700px) {.fusion-body .fusion-builder-column-0{width:100% !important;}.fusion-builder-column-0 > .fusion-column-wrapper {margin-right : 2.375%;margin-left : 2.375%;}}<\/style><\/div><\/div><style type=\"text\/css\">.fusion-body .fusion-flex-container.fusion-builder-row-1{ padding-top : 2vw;margin-top : 0px;padding-right : 0px;padding-bottom : 7vw;margin-bottom : 0px;padding-left : 0px;}@media only screen and (max-width:700px) {.fusion-body .fusion-flex-container.fusion-builder-row-1{ padding-top : 0px;padding-right : 12vw;padding-bottom : 12vw;padding-left : 12vw;}}<\/style><\/div>\n","protected":false},"excerpt":{"rendered":"","protected":false},"author":1,"featured_media":2253,"parent":2095,"menu_order":0,"comment_status":"closed","ping_status":"closed","template":"100-width.php","meta":{"footnotes":""},"class_list":["post-2215","page","type-page","status-publish","has-post-thumbnail","hentry"],"_links":{"self":[{"href":"https:\/\/sensum.waw.pl\/index.php\/wp-json\/wp\/v2\/pages\/2215","targetHints":{"allow":["GET"]}}],"collection":[{"href":"https:\/\/sensum.waw.pl\/index.php\/wp-json\/wp\/v2\/pages"}],"about":[{"href":"https:\/\/sensum.waw.pl\/index.php\/wp-json\/wp\/v2\/types\/page"}],"author":[{"embeddable":true,"href":"https:\/\/sensum.waw.pl\/index.php\/wp-json\/wp\/v2\/users\/1"}],"replies":[{"embeddable":true,"href":"https:\/\/sensum.waw.pl\/index.php\/wp-json\/wp\/v2\/comments?post=2215"}],"version-history":[{"count":6,"href":"https:\/\/sensum.waw.pl\/index.php\/wp-json\/wp\/v2\/pages\/2215\/revisions"}],"predecessor-version":[{"id":3140,"href":"https:\/\/sensum.waw.pl\/index.php\/wp-json\/wp\/v2\/pages\/2215\/revisions\/3140"}],"up":[{"embeddable":true,"href":"https:\/\/sensum.waw.pl\/index.php\/wp-json\/wp\/v2\/pages\/2095"}],"wp:featuredmedia":[{"embeddable":true,"href":"https:\/\/sensum.waw.pl\/index.php\/wp-json\/wp\/v2\/media\/2253"}],"wp:attachment":[{"href":"https:\/\/sensum.waw.pl\/index.php\/wp-json\/wp\/v2\/media?parent=2215"}],"curies":[{"name":"wp","href":"https:\/\/api.w.org\/{rel}","templated":true}]}}